{"id":1169,"date":"2021-03-15T08:54:57","date_gmt":"2021-03-15T07:54:57","guid":{"rendered":"https:\/\/www.anah-nvsg.be\/contact\/"},"modified":"2025-04-17T19:58:25","modified_gmt":"2025-04-17T17:58:25","slug":"contact","status":"publish","type":"page","link":"https:\/\/www.anah-nvsg.be\/fr\/contact\/","title":{"rendered":"Contact"},"content":{"rendered":"<!--themify_builder_content-->\n<div id=\"themify_builder_content-1169\" data-postid=\"1169\" class=\"themify_builder_content themify_builder_content-1169 themify_builder tf_clear\">\n    \t\t\t<!-- module_row -->\n\t<div  data-lazy=\"1\" class=\"module_row themify_builder_row tb_0wir50 tb_first tf_w tf_clearfix\">\n\t    \t\t\t<div class=\"row_inner col_align_top tb_col_count_2 tf_box tf_rel\">\n\t\t            <div  data-lazy=\"1\" class=\"module_column tb-column col3-2 tb_glyp51 first\">\n                                                        <div class=\"tb-column-inner tf_box tf_w\">\n                        <!-- module text -->\n<div  class=\"module module-text tb_9gqw264   \" data-lazy=\"1\">\n        <div  class=\"tb_text_wrap\">\n    <div id=\"piotnetforms\" class=\"piotnetforms piotnetforms-1454\" data-piotnetforms-shortcode-id=\"1454\"><form id=\"Contact FR\" class=\"piotnetforms__form\" onsubmit=\"return false\">\t\t\n\t\t<div class=\"p77265072 piotnetforms-fields-wrapper piotnetforms-labels-above\">\n\t\t\t<div class=\"piotnetforms-field-type-text piotnetforms-field-group piotnetforms-column  piotnetforms-field-group-nomprenom piotnetforms-col-100 piotnetforms-field-required piotnetforms-mark-required\">\n\t\t\t\t<label for=\"form-field-nomprenom\" class=\"piotnetforms-field-label\">Nom et pr\u00e9nom<\/label><div data-piotnetforms-required><\/div><div class=\"piotnetforms-field-container\"><input size=\"1\" class=\"piotnetforms-field piotnetforms-size-\" type=\"text\" name=\"form_fields[nomprenom]\" id=\"form-field-nomprenom\" autocomplete=\"on\" data-piotnetforms-default-value=\"\" required=\"required\" aria-required=\"true\" data-piotnetforms-id=\"Contact FR\"><\/div>\t\t\t<\/div>\n\t\t<\/div>\n\t\t\t\n\t\t<div class=\"p16156117 piotnetforms-fields-wrapper piotnetforms-labels-above\">\n\t\t\t<div class=\"piotnetforms-field-type-text piotnetforms-field-group piotnetforms-column  piotnetforms-field-group-email piotnetforms-col-100 piotnetforms-field-required piotnetforms-mark-required\">\n\t\t\t\t<label for=\"form-field-email\" class=\"piotnetforms-field-label\">Adresse e-mail<\/label><div data-piotnetforms-required><\/div><div class=\"piotnetforms-field-container\"><input size=\"1\" class=\"piotnetforms-field piotnetforms-size-\" type=\"text\" name=\"form_fields[email]\" id=\"form-field-email\" autocomplete=\"on\" data-piotnetforms-default-value=\"\" required=\"required\" aria-required=\"true\" data-piotnetforms-id=\"Contact FR\"><\/div>\t\t\t<\/div>\n\t\t<\/div>\n\t\t\t\n\t\t<div class=\"p91005129 piotnetforms-fields-wrapper piotnetforms-labels-above\">\n\t\t\t<div class=\"piotnetforms-field-type-textarea piotnetforms-field-group piotnetforms-column  piotnetforms-field-group-message piotnetforms-col-100 piotnetforms-field-required piotnetforms-mark-required\">\n\t\t\t\t<label for=\"form-field-message\" class=\"piotnetforms-field-label\">Votre message<\/label><div data-piotnetforms-required><\/div><div class=\"piotnetforms-field-container\"><textarea class=\"piotnetforms-field-textual piotnetforms-field piotnetforms-size-\" name=\"form_fields[message]\" id=\"form-field-message\" rows=\"4\" required=\"required\" aria-required=\"true\" data-piotnetforms-default-value=\"\" data-piotnetforms-id=\"Contact FR\"><\/textarea><\/div>\t\t\t<\/div>\n\t\t<\/div>\n\t\n\t\t<div class=\"p60405134 piotnetforms-submit piotnetforms-button-wrapper\">\n\n\t\t\t\t<input type=\"hidden\" name=\"post_id\" value=\"1454\" data-piotnetforms-hidden-form-id=\"Contact FR\"\/>\n\t\t<input type=\"hidden\" name=\"form_id\" value=\"p60405134\" data-piotnetforms-hidden-form-id=\"Contact FR\"\/>\n\t\t<input type=\"hidden\" name=\"remote_ip\" value=\"216.73.216.76\" data-piotnetforms-hidden-form-id=\"Contact FR\"\/>\n\n\t\t\n\t\t\n\t\t\n\t\t\n\t\t<button class=\"piotnetforms-button-submit piotnetforms-button\" type=\"submit\" role=\"button\" data-piotnetforms-required-text=\"This field is required.\" data-piotnetforms-submit-form-id=\"Contact FR\" data-piotnetforms-submit-keyboard=\"false\" data-piotnetforms-submit-hide=\"false\" data-piotnetforms-submit-recaptcha=\"6LfBJIYaAAAAALrBJJKDz7ueTHhoUtG3KduEh_hv\">\n\t\t\t\t\t<span class=\"piotnetforms-button-content-wrapper\">\n\t\t\t<span class=\"piotnetforms-button-text piotnetforms-spinner\"><span class=\"icon-spinner-of-dots\"><\/span><\/span>\n\t\t\t\t\t\t<span class=\"piotnetforms-button-text\">Envoyer<\/span>\n\t\t<\/span>\n\t\t\t\t<\/button>\n\t\t\n\t\t        \t\t        \t\t\n\t\t\n\t\t\n        \n            \t\t<script src=\"https:\/\/www.google.com\/recaptcha\/api.js?render=6LfBJIYaAAAAALrBJJKDz7ueTHhoUtG3KduEh_hv\"><\/script>\n\t\t\t\t\t<style type=\"text\/css\">\n\t\t\t\t.grecaptcha-badge {\n\t\t\t\t\topacity:0 !important;\n\t\t\t\t\tvisibility: collapse !important;\n\t\t\t\t}\n\t\t\t<\/style>\n\t\t\t\t\t\t<div id=\"piotnetforms-trigger-success-Contact FR\" data-piotnetforms-trigger-success=\"Contact FR\" style=\"display: none\"><\/div>\n\t\t<div id=\"piotnetforms-trigger-failed-Contact FR\" data-piotnetforms-trigger-failed=\"Contact FR\" style=\"display: none\"><\/div>\n\t\t<div class=\"piotnetforms-alert piotnetforms-alert--mail\">\n\t\t\t<div class=\"piotnetforms-message piotnetforms-message-success\" role=\"alert\" data-piotnetforms-message=\"The form was sent successfully.\">The form was sent successfully.<\/div>\n\t\t\t<div class=\"piotnetforms-message piotnetforms-message-danger\" role=\"alert\" data-piotnetforms-message=\"An error occured.\">An error occured.<\/div>\n\t\t\t<!-- <div class=\"piotnetforms-message piotnetforms-help-inline\" role=\"alert\">Server error. Form not sent.<\/div> -->\n\t\t<\/div>\n\t\t\t\t<\/div>\n\t\t<link rel=\"stylesheet\" href=\"https:\/\/www.anah-nvsg.be\/wp-content\/uploads\/piotnetforms\/css\/1454.css?ver=10\" media=\"all\"><\/form><\/div><div data-piotnetforms-ajax-url=\"https:\/\/www.anah-nvsg.be\/wp-admin\/admin-ajax.php\"><\/div><div data-piotnetforms-plugin-url=\"https:\/\/www.anah-nvsg.be\/wp-content\/plugins\"><\/div><div data-piotnetforms-tinymce-upload=\"https:\/\/www.anah-nvsg.be\/wp-content\/plugins\/piotnetforms-pro\/inc\/forms\/tinymce\/tinymce-upload.php\"><\/div><div data-piotnetforms-stripe-key=\"\"><\/div><div class=\"piotnetforms-break-point\" data-piotnetforms-break-point-md=\"1025\" data-piotnetforms-break-point-lg=\"767\"><\/div>\t\n    <\/div>\n<\/div>\n<!-- \/module text --><!-- module text -->\n<div  class=\"module module-text tb_qi0c849   \" data-lazy=\"1\">\n    <h3 class=\"module-title\">Privacy<\/h3>    <div  class=\"tb_text_wrap\">\n    <p>Les donn\u00e9es que vous envoyez ne seront utilis\u00e9es que pour r\u00e9pondre \u00e0 votre message. Ils ne sont pas utilis\u00e9s \u00e0 d&#8217;autres fins et ne sont pas partag\u00e9s avec des tiers.<\/p>    <\/div>\n<\/div>\n<!-- \/module text --><!-- module menu -->\n<div  class=\"module module-menu tb_7iew866  mobile-menu-slide\" data-menu-style=\"mobile-menu-slide\" data-menu-breakpoint=\"0\" data-element-id=\"tb_7iew866\" data-lazy=\"1\">\n    <h3 class=\"module-title\">Souhaitez-vous en savoir plus sur notre politique d'utilisation?<\/h3>\t\n\t<div class=\"module-menu-container\"><ul id=\"menu-cookie-privacy-frans\" class=\"ui tf_clearfix nav tf_rel vertical transparent\"><li id=\"menu-item-945\" class=\"menu-item-page-930 menu-item menu-item-type-post_type menu-item-object-page menu-item-945\"><a href=\"https:\/\/www.anah-nvsg.be\/fr\/avertissement\/\">Avertissement<\/a><\/li>\n<li id=\"menu-item-946\" class=\"menu-item-page-928 menu-item menu-item-type-post_type menu-item-object-page menu-item-946\"><a href=\"https:\/\/www.anah-nvsg.be\/fr\/politique-cookies\/\">Politique cookies (EU)<\/a><\/li>\n<li id=\"menu-item-947\" class=\"menu-item-page-932 menu-item menu-item-type-post_type menu-item-object-page menu-item-947\"><a href=\"https:\/\/www.anah-nvsg.be\/fr\/declaration-de-confidentialite\/\">D\u00e9claration de confidentialit\u00e9 (EU)<\/a><\/li>\n<li id=\"menu-item-1263\" class=\"menu-item-page-1261 menu-item menu-item-type-post_type menu-item-object-page menu-item-1263\"><a href=\"https:\/\/www.anah-nvsg.be\/fr\/termes-et-conditions\/\">Termes et conditions<\/a><\/li>\n<\/ul><\/div>\t\t<style>\n\t\t\t.mobile-menu-module[data-module=\"tb_7iew866\"]{\n\t\t\t\tright:-300px\t\t\t}\n\t\t<\/style>\n\t<\/div>\n<!-- \/module menu -->\n                    <\/div>\n                            <\/div>\n                        <div  data-lazy=\"1\" class=\"module_column tb-column col3-1 tb_g5zu531 last\">\n                                                        <div class=\"tb-column-inner tf_box tf_w\">\n                        <!-- module text -->\n<div  class=\"module module-text tb_qbdw652   \" data-lazy=\"1\">\n    <h3 class=\"module-title\">ANAH ASBL<\/h3>    <div  class=\"tb_text_wrap\">\n    <p>ANAH asbl<br \/>c\/o Hive 5<br \/>Securex building-2nd floor<br \/>Cours Saint-Michel 30b<br \/>1040 Brussel<\/p>    <\/div>\n<\/div>\n<!-- \/module text --><!-- module map -->\n<div  class=\"module module-map tb_q9vp662 \">\n    \t\t    \t    <link rel=\"preconnect\" href=\"https:\/\/maps.googleapis.com\" crossorigin\/>\n\t\t<div\n\t    data-lazy=\"1\" \t    data-map-provider=\"google\"\n\t    data-address=\"Avenue de l\u2019 Exposition Universelle 68, 1083 Bruxelles\"\n\t    data-zoom=\"15\"\n\t    data-type=\"ROADMAP\"\n\t    data-scroll=\"\"\n\t    data-drag=\"1\"\n\t    data-mdrag=\"1\"\n\t    data-control=\"\"\n\t    class=\"tf_lazy themify_map\"\n\t    style=\"width:100%;height:300px;\"\n\t    data-info-window=\"&lt;b&gt;Address&lt;\/b&gt;&lt;br\/&gt;&lt;p&gt;Avenue de l\u2019 Exposition Universelle 68, 1083 Bruxelles&lt;\/p&gt;\"\n\t    data-reverse-geocoding=\"\">\n\t<\/div>\n    <\/div>\n<!-- \/module map -->\n<!-- module text -->\n<div  class=\"module module-text tb_o853617   \" data-lazy=\"1\">\n        <div  class=\"tb_text_wrap\">\n    <p>info@anah-nvsg.be<\/p><p>T\u00e9l: 0475 78 13 93<\/p><p>Num\u00e9ro de l\u2019entreprise: BE 409.004.359<br \/>Compte bancaire: BE22-2600-1843-7547 <br \/>BIC GEBABEBB<\/p>    <\/div>\n<\/div>\n<!-- \/module text -->                    <\/div>\n                            <\/div>\n            \t    <\/div>\n\t    <!-- \/row_inner -->\n\t<\/div>\n\t<!-- \/module_row -->\n\t<\/div>\n<!--\/themify_builder_content-->","protected":false},"excerpt":{"rendered":"<p>Privacy Les donn\u00e9es que vous envoyez ne seront utilis\u00e9es que pour r\u00e9pondre \u00e0 votre message. Ils ne sont pas utilis\u00e9s \u00e0 d&#8217;autres fins et ne sont pas partag\u00e9s avec des tiers. Souhaitez-vous en savoir plus sur notre politique d&#8217;utilisation? Avertissement Politique cookies (EU) D\u00e9claration de confidentialit\u00e9 (EU) Termes et conditions ANAH ASBL ANAH asbl c\/o [&hellip;]<\/p>\n","protected":false},"author":1,"featured_media":0,"parent":0,"menu_order":0,"comment_status":"closed","ping_status":"closed","template":"","meta":{"footnotes":""},"class_list":["post-1169","page","type-page","status-publish","hentry","has-post-title","has-post-date","has-post-category","has-post-tag","has-post-comment","has-post-author",""],"_links":{"self":[{"href":"https:\/\/www.anah-nvsg.be\/fr\/wp-json\/wp\/v2\/pages\/1169","targetHints":{"allow":["GET"]}}],"collection":[{"href":"https:\/\/www.anah-nvsg.be\/fr\/wp-json\/wp\/v2\/pages"}],"about":[{"href":"https:\/\/www.anah-nvsg.be\/fr\/wp-json\/wp\/v2\/types\/page"}],"author":[{"embeddable":true,"href":"https:\/\/www.anah-nvsg.be\/fr\/wp-json\/wp\/v2\/users\/1"}],"replies":[{"embeddable":true,"href":"https:\/\/www.anah-nvsg.be\/fr\/wp-json\/wp\/v2\/comments?post=1169"}],"version-history":[{"count":14,"href":"https:\/\/www.anah-nvsg.be\/fr\/wp-json\/wp\/v2\/pages\/1169\/revisions"}],"predecessor-version":[{"id":2412,"href":"https:\/\/www.anah-nvsg.be\/fr\/wp-json\/wp\/v2\/pages\/1169\/revisions\/2412"}],"wp:attachment":[{"href":"https:\/\/www.anah-nvsg.be\/fr\/wp-json\/wp\/v2\/media?parent=1169"}],"curies":[{"name":"wp","href":"https:\/\/api.w.org\/{rel}","templated":true}]}}