{"id":1223,"date":"2021-03-15T15:39:25","date_gmt":"2021-03-15T14:39:25","guid":{"rendered":"https:\/\/www.anah-nvsg.be\/?page_id=1223"},"modified":"2021-03-15T15:39:25","modified_gmt":"2021-03-15T14:39:25","slug":"projets-a-theme-de-lanah","status":"publish","type":"page","link":"https:\/\/www.anah-nvsg.be\/fr\/projets-anah-les-themes\/projets-a-theme-de-lanah\/","title":{"rendered":"Projets \u00e0 th\u00e8me de l\u2019ANAH"},"content":{"rendered":"<!--themify_builder_content-->\n<div id=\"themify_builder_content-1223\" data-postid=\"1223\" class=\"themify_builder_content themify_builder_content-1223 themify_builder tf_clear\">\n    \t\t\t<!-- module_row -->\n\t<div  data-lazy=\"1\" class=\"module_row themify_builder_row tb_kv6s148 tb_first tf_w tf_clearfix\">\n\t    \t\t\t<div class=\"row_inner col_align_top tb_col_count_1 tf_box tf_rel\">\n\t\t            <div  data-lazy=\"1\" class=\"module_column tb-column col-full tb_wq27149 first\">\n                                                        <div class=\"tb-column-inner tf_box tf_w\">\n                        <!-- module text -->\n<div  class=\"module module-text tb_edtb395   \" data-lazy=\"1\">\n        <div  class=\"tb_text_wrap\">\n    <p>\u00c0 c\u00f4t\u00e9 des projets sociaux locaux, pr\u00e9sent\u00e9s par les Rotary clubs, l\u2019ANAH prend \u00e9galement des initiatives \u00e0 plus grande \u00e9chelle.<\/p><p>L\u2019ANAH poursuit en cette mati\u00e8re trois axes\u00a0:<\/p><ul><li>Solution structurelle pour l\u2019am\u00e9lioration des conditions de vie \u00e0 long terme,<\/li><li>Sensibilisation du grand public sur l\u2019inclusion des personnes porteuses de restriction,<\/li><li>Sport et d\u00e9tente, un agr\u00e9able changement<\/li><\/ul>    <\/div>\n<\/div>\n<!-- \/module text --><!-- module template_part -->\n<div  class=\"module module-layout-part tb_5lxb200 \">\n    <div class=\"tb_layout_part_wrap tf_w\"><!--themify_builder_content-->\n    <div  class=\"themify_builder_content themify_builder_content-809 themify_builder not_editable_builder in_the_loop\" data-postid=\"809\">\n        \t\t\t<!-- module_row -->\n\t<div  data-lazy=\"1\" class=\"module_row themify_builder_row tb_dec9708 tf_w tf_clearfix\">\n\t    \t\t\t<div class=\"row_inner col_align_top tb_col_count_1 tf_box tf_rel\">\n\t\t            <div  data-lazy=\"1\" class=\"module_column tb-column col-full tb_tg8h709 first\">\n                                                        <div class=\"tb-column-inner tf_box tf_w\">\n                        <!-- module divider -->\n<div  class=\"module tf_mw module-divider tb_rx98711 solid   \" style=\"border-width: 2px;border-color: #727ca5;margin-top: 20px;margin-bottom: 20px;\" data-lazy=\"1\">\n    <\/div>\n<!-- \/module divider -->\n                    <\/div>\n                            <\/div>\n            \t    <\/div>\n\t    <!-- \/row_inner -->\n\t<\/div>\n\t<!-- \/module_row -->\n\t    <\/div>\n<!--\/themify_builder_content--><\/div>\n<\/div>\n<!-- \/module template_part --><!-- module post -->\n<div  class=\"module module-post tb_o8xv34 \">\n        <div  class=\"builder-posts-wrap loops-wrapper grid3 classic tf_clear tf_clearfix\" data-lazy=\"1\">\n\t<article id=\"post-1219\" class=\"post tf_clearfix post-1219 type-post status-publish format-standard has-post-thumbnail hentry category-projets has-post-title no-post-date has-post-category has-post-tag has-post-comment has-post-author \">\n\t    \n\t\t\t\t<figure class=\"post-image tf_clearfix\">\n\t\t\t    \t\t\t\t\t\t\t\t<a href=\"https:\/\/www.anah-nvsg.be\/fr\/becasines\/\">\n\t\t\t\t\t\t\t\t<img loading=\"lazy\" decoding=\"async\" src=\"https:\/\/www.anah-nvsg.be\/wp-content\/uploads\/2021\/03\/anah-nvsg-projects-11-e1614869665703-400x400.png\" width=\"400\" height=\"400\" class=\"wp-post-image wp-image-800\" title=\"anah-nvsg-projects-11\" alt=\"anah-nvsg-projects-11\" srcset=\"https:\/\/www.anah-nvsg.be\/wp-content\/uploads\/2021\/03\/anah-nvsg-projects-11-e1614869665703-400x400.png 400w, https:\/\/www.anah-nvsg.be\/wp-content\/uploads\/2021\/03\/anah-nvsg-projects-11-e1614869665703-47x48.png 47w\" sizes=\"auto, (max-width: 400px) 100vw, 400px\" \/>\t\t\t\t\t\t\t\t    \t\t\t\t<\/a>\n\t\t\t\t\t\t\t    \t\t\t<\/figure>\n\t\t\t\t<div class=\"post-content\">\n\t\t<div class=\"post-content-inner\">\n\n\t\t\t\n\t\t\t<h2 class=\"post-title entry-title\"><a href=\"https:\/\/www.anah-nvsg.be\/fr\/becasines\/\">Becasines<\/a><\/h2>\n\t\t\t\n\t\t\t\n\t\t\t\t<div class=\"entry-content\">\n\n        \n\t<\/div><!-- \/.entry-content -->\n\t\n\t\t<\/div>\n\t\t<!-- \/.post-content-inner -->\n\t<\/div>\n\t<!-- \/.post-content -->\n\t\n<\/article>\n<!-- \/.post -->\n<article id=\"post-1215\" class=\"post tf_clearfix post-1215 type-post status-publish format-standard has-post-thumbnail hentry category-projets has-post-title no-post-date has-post-category has-post-tag has-post-comment has-post-author \">\n\t    \n\t\t\t\t<figure class=\"post-image tf_clearfix\">\n\t\t\t    \t\t\t\t\t\t\t\t<a href=\"https:\/\/www.anah-nvsg.be\/fr\/handipeople\/\">\n\t\t\t\t\t\t\t\t<img loading=\"lazy\" decoding=\"async\" src=\"https:\/\/www.anah-nvsg.be\/wp-content\/uploads\/2021\/03\/anah-nvsg-projects-4-400x400.jpg\" width=\"400\" height=\"400\" class=\"wp-post-image wp-image-786\" title=\"anah-nvsg-projects-4\" alt=\"anah-nvsg-projects-4\" srcset=\"https:\/\/www.anah-nvsg.be\/wp-content\/uploads\/2021\/03\/anah-nvsg-projects-4-400x400.jpg 400w, https:\/\/www.anah-nvsg.be\/wp-content\/uploads\/2021\/03\/anah-nvsg-projects-4-150x150.jpg 150w, https:\/\/www.anah-nvsg.be\/wp-content\/uploads\/2021\/03\/anah-nvsg-projects-4-300x300.jpg 300w, https:\/\/www.anah-nvsg.be\/wp-content\/uploads\/2021\/03\/anah-nvsg-projects-4-100x100.jpg 100w, https:\/\/www.anah-nvsg.be\/wp-content\/uploads\/2021\/03\/anah-nvsg-projects-4-47x48.jpg 47w\" sizes=\"auto, (max-width: 400px) 100vw, 400px\" \/>\t\t\t\t\t\t\t\t    \t\t\t\t<\/a>\n\t\t\t\t\t\t\t    \t\t\t<\/figure>\n\t\t\t\t<div class=\"post-content\">\n\t\t<div class=\"post-content-inner\">\n\n\t\t\t\n\t\t\t<h2 class=\"post-title entry-title\"><a href=\"https:\/\/www.anah-nvsg.be\/fr\/handipeople\/\">Handipeople<\/a><\/h2>\n\t\t\t\n\t\t\t\n\t\t\t\t<div class=\"entry-content\">\n\n        \n\t<\/div><!-- \/.entry-content -->\n\t\n\t\t<\/div>\n\t\t<!-- \/.post-content-inner -->\n\t<\/div>\n\t<!-- \/.post-content -->\n\t\n<\/article>\n<!-- \/.post -->\n<article id=\"post-1212\" class=\"post tf_clearfix post-1212 type-post status-publish format-standard has-post-thumbnail hentry category-projets has-post-title no-post-date has-post-category has-post-tag has-post-comment has-post-author \">\n\t    \n\t\t\t\t<figure class=\"post-image tf_clearfix\">\n\t\t\t    \t\t\t\t\t\t\t\t<a href=\"https:\/\/www.anah-nvsg.be\/fr\/centre-dhebergement-21\/\">\n\t\t\t\t\t\t\t\t<img loading=\"lazy\" decoding=\"async\" src=\"https:\/\/www.anah-nvsg.be\/wp-content\/uploads\/2021\/03\/anah-nvsg-projects-2-400x400.png\" width=\"400\" height=\"400\" class=\"wp-post-image wp-image-782\" title=\"Centre de vie \u201cAu Fil de l\u2018 Eau\u201d \u00e0 Couthuin (R.C. Andenne)\" alt=\"Centre de vie \u201cAu Fil de l\u2018 Eau\u201d \u00e0 Couthuin (R.C. Andenne)\" srcset=\"https:\/\/www.anah-nvsg.be\/wp-content\/uploads\/2021\/03\/anah-nvsg-projects-2-400x400.png 400w, https:\/\/www.anah-nvsg.be\/wp-content\/uploads\/2021\/03\/anah-nvsg-projects-2-150x150.png 150w, https:\/\/www.anah-nvsg.be\/wp-content\/uploads\/2021\/03\/anah-nvsg-projects-2-100x100.png 100w\" sizes=\"auto, (max-width: 400px) 100vw, 400px\" \/>\t\t\t\t\t\t\t\t    \t\t\t\t<\/a>\n\t\t\t\t\t\t\t    \t\t\t<\/figure>\n\t\t\t\t<div class=\"post-content\">\n\t\t<div class=\"post-content-inner\">\n\n\t\t\t\n\t\t\t<h2 class=\"post-title entry-title\"><a href=\"https:\/\/www.anah-nvsg.be\/fr\/centre-dhebergement-21\/\">Centre d\u2019h\u00e9bergement 21+<\/a><\/h2>\n\t\t\t\n\t\t\t\n\t\t\t\t<div class=\"entry-content\">\n\n        \n\t<\/div><!-- \/.entry-content -->\n\t\n\t\t<\/div>\n\t\t<!-- \/.post-content-inner -->\n\t<\/div>\n\t<!-- \/.post-content -->\n\t\n<\/article>\n<!-- \/.post -->\n<\/div><!-- .builder-posts-wrap -->\n    <\/div>\n    <!-- \/module post -->\n                    <\/div>\n                            <\/div>\n            \t    <\/div>\n\t    <!-- \/row_inner -->\n\t<\/div>\n\t<!-- \/module_row -->\n\t<\/div>\n<!--\/themify_builder_content-->\n<p>&nbsp;<\/p>","protected":false},"excerpt":{"rendered":"<p>Naast lokale sociale projecten, aangebracht door de Rotary clubs, neemt de NVSG ook zelf initiatieven\u00a0 op grotere schaal, De NVSG werkt daarbij op drie assen: Structurele oplossingen voor de verbetering van de levensomstandigheden op lange termijn Sensibilisering van het grote publiek voor inclusie van personen met een beperking Sport en ontspanning, een aangename afwisseling in [&hellip;]<\/p>\n","protected":false},"author":1,"featured_media":0,"parent":1230,"menu_order":0,"comment_status":"closed","ping_status":"closed","template":"","meta":{"footnotes":""},"class_list":["post-1223","page","type-page","status-publish","hentry","has-post-title","has-post-date","has-post-category","has-post-tag","has-post-comment","has-post-author",""],"_links":{"self":[{"href":"https:\/\/www.anah-nvsg.be\/fr\/wp-json\/wp\/v2\/pages\/1223","targetHints":{"allow":["GET"]}}],"collection":[{"href":"https:\/\/www.anah-nvsg.be\/fr\/wp-json\/wp\/v2\/pages"}],"about":[{"href":"https:\/\/www.anah-nvsg.be\/fr\/wp-json\/wp\/v2\/types\/page"}],"author":[{"embeddable":true,"href":"https:\/\/www.anah-nvsg.be\/fr\/wp-json\/wp\/v2\/users\/1"}],"replies":[{"embeddable":true,"href":"https:\/\/www.anah-nvsg.be\/fr\/wp-json\/wp\/v2\/comments?post=1223"}],"version-history":[{"count":3,"href":"https:\/\/www.anah-nvsg.be\/fr\/wp-json\/wp\/v2\/pages\/1223\/revisions"}],"predecessor-version":[{"id":1226,"href":"https:\/\/www.anah-nvsg.be\/fr\/wp-json\/wp\/v2\/pages\/1223\/revisions\/1226"}],"up":[{"embeddable":true,"href":"https:\/\/www.anah-nvsg.be\/fr\/wp-json\/wp\/v2\/pages\/1230"}],"wp:attachment":[{"href":"https:\/\/www.anah-nvsg.be\/fr\/wp-json\/wp\/v2\/media?parent=1223"}],"curies":[{"name":"wp","href":"https:\/\/api.w.org\/{rel}","templated":true}]}}