{"id":1230,"date":"2021-03-15T16:00:46","date_gmt":"2021-03-15T15:00:46","guid":{"rendered":"https:\/\/www.anah-nvsg.be\/?page_id=1230"},"modified":"2021-03-15T16:00:46","modified_gmt":"2021-03-15T15:00:46","slug":"projets-anah-les-themes","status":"publish","type":"page","link":"https:\/\/www.anah-nvsg.be\/fr\/projets-anah-les-themes\/","title":{"rendered":"Projets ANAH: les th\u00e8mes"},"content":{"rendered":"<!--themify_builder_content-->\n<div id=\"themify_builder_content-1230\" data-postid=\"1230\" class=\"themify_builder_content themify_builder_content-1230 themify_builder tf_clear\">\n    \t\t\t<!-- module_row -->\n\t<div  data-lazy=\"1\" class=\"module_row themify_builder_row tb_1wfw200 tb_first tf_w tf_clearfix\">\n\t    \t\t\t<div class=\"row_inner col_align_top tb_col_count_1 tf_box tf_rel\">\n\t\t            <div  data-lazy=\"1\" class=\"module_column tb-column col-full tb_mdgb201 first\">\n                                                        <div class=\"tb-column-inner tf_box tf_w\">\n                        <!-- module text -->\n<div  class=\"module module-text tb_xblx960   \" data-lazy=\"1\">\n        <div  class=\"tb_text_wrap\">\n    <p>L\u2019article 3 des Statuts d\u00e9termine les buts de l\u2019objet de l\u2019Association\u00a0:<\/p><p><em>\u00ab\u00a0L&#8217;Association a pour objet d&#8217;assister les institutions qui mettent l&#8217;accent sur les personnes moins valides, les mineurs prot\u00e9g\u00e9s ou les d\u00e9sh\u00e9rit\u00e9s. L&#8217;Association intervient dans les solutions \u00e0 apporter \u00e0 tous les probl\u00e8mes qui touchent ce public particulier, y compris par \u2013 \u00e9num\u00e9ration non limitative :<\/em><em>\u00a0<\/em><\/p><ul><li><em>la pr\u00e9vention des restrictions,<\/em><\/li><li><em>le traitement et la revalidation de restrictions,<\/em><\/li><li><em>la stimulation d\u2019int\u00e9gration socio-\u00e9conomique,<\/em><\/li><li><em>la stimulation d\u2019int\u00e9gration structurelle.\u00a0\u00bb<\/em><\/li><\/ul><p>Aujourd\u2019hui, l\u2019ANAH est reconnue par le Minist\u00e8re des Finances comme \u00ab\u00a0Institution d\u2019assistance aux personnes moins valides\u00a0\u00bb.<\/p><p>Tous les projets, que nous pouvons soutenir, doivent toutefois s\u2019inscrire dans un des th\u00e8mes suivants\u00a0: \u00a0<\/p><ol><li>Qualit\u00e9 de vie<\/li><li>Infrastructure<\/li><li>Loisirs<\/li><li>Journ\u00e9es de d\u00e9tente<\/li><li>Int\u00e9gration des personnes porteuses de handicap<\/li><li>Surdit\u00e9<\/li><li>Vie autonome<\/li><li>Dyslexie<\/li><li>Autisme<\/li><li>Supports informatis\u00e9s<\/li><li>H\u00e9bergement jour \u2013 nuit<\/li><li>Troubles \u00e9motionnels et du comportement (TEC).<\/li><\/ol><p>Les projets li\u00e9s \u00e0 la pauvret\u00e9 ainsi que les projets qui b\u00e9n\u00e9ficieraient \u00e0 des \u00e9coles ou \u00e0 des administrations publiques ne peuvent pas pr\u00e9tendre \u00e0 un soutien de l\u2019ANAH.<\/p>    <\/div>\n<\/div>\n<!-- \/module text -->                    <\/div>\n                            <\/div>\n            \t    <\/div>\n\t    <!-- \/row_inner -->\n\t<\/div>\n\t<!-- \/module_row -->\n\t<\/div>\n<!--\/themify_builder_content-->\n","protected":false},"excerpt":{"rendered":"<p>L\u2019article 3 des Statuts d\u00e9termine les buts de l\u2019objet de l\u2019Association\u00a0:\u00ab\u00a0L&#8217;Association a pour objet d&#8217;assister les institutions qui mettent l&#8217;accent sur les personnes moins valides, les mineurs prot\u00e9g\u00e9s ou les d\u00e9sh\u00e9rit\u00e9s. L&#8217;Association intervient dans les solutions \u00e0 apporter \u00e0 tous les probl\u00e8mes qui touchent ce public particulier, y compris par \u2013 \u00e9num\u00e9ration non limitative :\u00a0la [&hellip;]<\/p>\n","protected":false},"author":1,"featured_media":0,"parent":0,"menu_order":0,"comment_status":"closed","ping_status":"closed","template":"","meta":{"footnotes":""},"class_list":["post-1230","page","type-page","status-publish","hentry","has-post-title","has-post-date","has-post-category","has-post-tag","has-post-comment","has-post-author",""],"_links":{"self":[{"href":"https:\/\/www.anah-nvsg.be\/fr\/wp-json\/wp\/v2\/pages\/1230","targetHints":{"allow":["GET"]}}],"collection":[{"href":"https:\/\/www.anah-nvsg.be\/fr\/wp-json\/wp\/v2\/pages"}],"about":[{"href":"https:\/\/www.anah-nvsg.be\/fr\/wp-json\/wp\/v2\/types\/page"}],"author":[{"embeddable":true,"href":"https:\/\/www.anah-nvsg.be\/fr\/wp-json\/wp\/v2\/users\/1"}],"replies":[{"embeddable":true,"href":"https:\/\/www.anah-nvsg.be\/fr\/wp-json\/wp\/v2\/comments?post=1230"}],"version-history":[{"count":2,"href":"https:\/\/www.anah-nvsg.be\/fr\/wp-json\/wp\/v2\/pages\/1230\/revisions"}],"predecessor-version":[{"id":1232,"href":"https:\/\/www.anah-nvsg.be\/fr\/wp-json\/wp\/v2\/pages\/1230\/revisions\/1232"}],"wp:attachment":[{"href":"https:\/\/www.anah-nvsg.be\/fr\/wp-json\/wp\/v2\/media?parent=1230"}],"curies":[{"name":"wp","href":"https:\/\/api.w.org\/{rel}","templated":true}]}}