{"id":1444,"date":"2021-04-16T10:31:51","date_gmt":"2021-04-16T08:31:51","guid":{"rendered":"https:\/\/www.anah-nvsg.be\/anah\/relatie-met-rotary-belux\/"},"modified":"2021-05-31T22:18:31","modified_gmt":"2021-05-31T20:18:31","slug":"lien-avec-le-rotary-belux","status":"publish","type":"page","link":"https:\/\/www.anah-nvsg.be\/fr\/anah\/lien-avec-le-rotary-belux\/","title":{"rendered":"Lien avec le Rotary Belux"},"content":{"rendered":"<!--themify_builder_content-->\n<div id=\"themify_builder_content-1444\" data-postid=\"1444\" class=\"themify_builder_content themify_builder_content-1444 themify_builder tf_clear\">\n    \t\t\t<!-- module_row -->\n\t<div  data-lazy=\"1\" class=\"module_row themify_builder_row tb_0wir50 tb_first tf_w tf_clearfix\">\n\t    \t\t\t<div class=\"row_inner col_align_top tb_col_count_2 tf_box tf_rel\">\n\t\t            <div  data-lazy=\"1\" class=\"module_column tb-column col3-2 tb_glyp51 first\">\n                                                        <div class=\"tb-column-inner tf_box tf_w\">\n                        <!-- module text -->\n<div  class=\"module module-text tb_9gqw264   \" data-lazy=\"1\">\n        <div  class=\"tb_text_wrap\">\n    <p>L\u2019ANAH est une asbl qui fut fond\u00e9e par des Rotary clubs belges.<\/p><p>Tous les Membres de l\u2019asbl sont des rotarien-ne-s issus d\u2019un Rotary club belge. Les nouveaux Membres sont nomm\u00e9s en Assembl\u00e9e g\u00e9n\u00e9rale sur proposition de leur Rotary club. Ils sont nomm\u00e9s du fait de leur int\u00e9r\u00eat, leur exp\u00e9rience et leur d\u00e9vouement \u00e0 la mission de notre asbl. Leur mandat couvre un maximum de neuf ann\u00e9es rotariennes\u00a0; la roue du Rotary doit continuer \u00e0 tourner, le renouvellement permanent est important en vue de rester pertinent comme asbl.<\/p><p>Parmi les Membres, sont \u00e9lus un maximum de 18 Administrateurs provenant des quatre Districts\u00a0: leur mandat est confirm\u00e9 en Assembl\u00e9e g\u00e9n\u00e9rale.<\/p><p>Les quatre Gouverneurs et les quatre Gouverneurs \u00e9lus sont invit\u00e9s \u00e0 si\u00e9ger comme Membres de l\u2019ANAH pour la dur\u00e9e de leur mandat, si toutefois ils acceptent cette fonction. Ils sont Membres et assistent \u00e0 l\u2019Assembl\u00e9e g\u00e9n\u00e9rale.<\/p><p>Les Membres d\u2019honneur peuvent \u00eatre non-rotarien-ne-s. Ils sont nomm\u00e9s en Assembl\u00e9e g\u00e9n\u00e9rale pour leur qualit\u00e9 sp\u00e9cifique ou service rendu.<\/p><p>Le tableau ci-joint pr\u00e9sente la structure de l\u2019ANAH.<\/p><p>L\u2019ANAH est financi\u00e8rement ind\u00e9pendante du Rotary, mais une partie importante de ses besoins en tr\u00e9sorerie provient de la contribution annuelle des Rotary clubs. L\u2019ANAH agit ainsi qu\u2019un creuset d\u2019id\u00e9es et d\u2019informations entre nos Rotary clubs et les associations d\u2019aide aux personnes porteuses de restriction. L\u2019aide apport\u00e9e par l\u2019ANAH aux associations sociales se fait toujours en collaboration d\u2019un ou plusieurs Rotary clubs locaux.<\/p><p>Via ce site web, les associations sociales peuvent pr\u00e9senter leurs projets et porter ceux-ci \u00e0 l\u2019attention des Rotary clubs\u00a0; en m\u00eame temps, ces derniers ont la possibilit\u00e9 de lancer des appels \u00e0 des projets sp\u00e9cifiques dans le secteur social. L\u2019ANAH essaiera toujours de faire correspondre offre et demande et d\u2019encourager les contacts entre parties potentiellement int\u00e9ress\u00e9es.<\/p><p>Sur le plan financier, chaque Rotary club peut introduire une demande d\u2019aide \u00e0 un projet local, pour autant que cette demande soit conforme aux crit\u00e8res d\u2019\u00e9ligibilit\u00e9 de l\u2019ANAH (demande d\u2019aide). Par ailleurs, plusieurs Rotary clubs peuvent collaborer \u00e0 un projet de plus grande envergure financi\u00e8re, projet initi\u00e9 par l\u2019ANAH (projets \u00e0 th\u00e8me).<\/p><p>Une fois par ann\u00e9e, l\u2019ANAH invite tous les rotarien-ne-s int\u00e9ress\u00e9s et les repr\u00e9sentants des associations sociales \u00e0 se r\u00e9unir lors de la \u00ab\u00a0Journ\u00e9e de rencontre de l\u2019ANAH\u00a0\u00bb. Lors de celle-ci, non seulement les projets les plus r\u00e9ussis sont mis \u00e0 l\u2019honneur, mais les participants ont l\u2019occasion de se parler et de faire de nouveaux projets.<\/p><p>Si, en tant que rotarien-ne ou porteur d\u2019un projet, vous t\u00e9moignez de l\u2019int\u00e9r\u00eat pour notre association, prenez le temps de consulter notre site web et de mieux d\u00e9couvrir notre asbl et la mission de l\u2019ANAH.<\/p>    <\/div>\n<\/div>\n<!-- \/module text -->                    <\/div>\n                            <\/div>\n                        <div  data-lazy=\"1\" class=\"module_column tb-column col3-1 tb_g5zu531 last\">\n                                                        <div class=\"tb-column-inner tf_box tf_w\">\n                        <!-- module gallery -->\n<div  class=\"module gallery module-gallery tb_avr8652 layout-grid  \" data-lazy=\"1\">\n    <div class=\"module-gallery-grid gallery-columns-1 tf_clear\">\n\t\t\t<dl class=\"gallery-item\">\n\t\t\t<dt class=\"gallery-icon\">\n\t\t\t<a data-title=\"no\" title=\"\" href=\"https:\/\/www.anah-nvsg.be\/wp-content\/uploads\/2021\/03\/rotary-logo.png\" data-rel=\"tb_avr8652\" class=\"themify_lightbox\"><img loading=\"lazy\" decoding=\"async\" width=\"540\" height=\"538\" src=\"https:\/\/www.anah-nvsg.be\/wp-content\/uploads\/2021\/03\/rotary-logo.png\" class=\"wp-post-image wp-image-984\" title=\"rotary-logo\" alt=\"rotary-logo\" srcset=\"https:\/\/www.anah-nvsg.be\/wp-content\/uploads\/2021\/03\/rotary-logo.png 540w, https:\/\/www.anah-nvsg.be\/wp-content\/uploads\/2021\/03\/rotary-logo-300x300.png 300w, https:\/\/www.anah-nvsg.be\/wp-content\/uploads\/2021\/03\/rotary-logo-150x150.png 150w, https:\/\/www.anah-nvsg.be\/wp-content\/uploads\/2021\/03\/rotary-logo-100x100.png 100w, https:\/\/www.anah-nvsg.be\/wp-content\/uploads\/2021\/03\/rotary-logo-47x48.png 47w\" sizes=\"auto, (max-width: 540px) 100vw, 540px\" \/><\/a>\t\t\t<\/dt>\n\t\t\t<dd>\n\t\t\t\t\t\t\t\t\t\t\t<\/dd>\n\t\t<\/dl>\n\t\t\t<dl class=\"gallery-item\">\n\t\t\t<dt class=\"gallery-icon\">\n\t\t\t<a data-title=\"no\" title=\"\" href=\"https:\/\/www.anah-nvsg.be\/wp-content\/uploads\/2021\/05\/Org-FR-1.png\" data-rel=\"tb_avr8652\" class=\"themify_lightbox\"><img loading=\"lazy\" decoding=\"async\" width=\"843\" height=\"1005\" src=\"https:\/\/www.anah-nvsg.be\/wp-content\/uploads\/2021\/05\/Org-FR-1.png\" class=\"wp-post-image wp-image-1439\" title=\"Org-FR\" alt=\"Org-FR\" srcset=\"https:\/\/www.anah-nvsg.be\/wp-content\/uploads\/2021\/05\/Org-FR-1.png 843w, https:\/\/www.anah-nvsg.be\/wp-content\/uploads\/2021\/05\/Org-FR-1-252x300.png 252w, https:\/\/www.anah-nvsg.be\/wp-content\/uploads\/2021\/05\/Org-FR-1-768x916.png 768w\" sizes=\"auto, (max-width: 843px) 100vw, 843px\" \/><\/a>\t\t\t<\/dt>\n\t\t\t<dd>\n\t\t\t\t\t\t\t\t\t\t\t<\/dd>\n\t\t<\/dl>\n\t<\/div>\n<\/div>\n<!-- \/module gallery -->                    <\/div>\n                            <\/div>\n            \t    <\/div>\n\t    <!-- \/row_inner -->\n\t<\/div>\n\t<!-- \/module_row -->\n\t<\/div>\n<!--\/themify_builder_content-->\n","protected":false},"excerpt":{"rendered":"<p>L\u2019ANAH est une asbl qui fut fond\u00e9e par des Rotary clubs belges.Tous les Membres de l\u2019asbl sont des rotarien-ne-s issus d\u2019un Rotary club belge. Les nouveaux Membres sont nomm\u00e9s en Assembl\u00e9e g\u00e9n\u00e9rale sur proposition de leur Rotary club. Ils sont nomm\u00e9s du fait de leur int\u00e9r\u00eat, leur exp\u00e9rience et leur d\u00e9vouement \u00e0 la mission de [&hellip;]<\/p>\n","protected":false},"author":1,"featured_media":0,"parent":23,"menu_order":0,"comment_status":"closed","ping_status":"closed","template":"","meta":{"footnotes":""},"class_list":["post-1444","page","type-page","status-publish","hentry","has-post-title","has-post-date","has-post-category","has-post-tag","has-post-comment","has-post-author",""],"_links":{"self":[{"href":"https:\/\/www.anah-nvsg.be\/fr\/wp-json\/wp\/v2\/pages\/1444","targetHints":{"allow":["GET"]}}],"collection":[{"href":"https:\/\/www.anah-nvsg.be\/fr\/wp-json\/wp\/v2\/pages"}],"about":[{"href":"https:\/\/www.anah-nvsg.be\/fr\/wp-json\/wp\/v2\/types\/page"}],"author":[{"embeddable":true,"href":"https:\/\/www.anah-nvsg.be\/fr\/wp-json\/wp\/v2\/users\/1"}],"replies":[{"embeddable":true,"href":"https:\/\/www.anah-nvsg.be\/fr\/wp-json\/wp\/v2\/comments?post=1444"}],"version-history":[{"count":6,"href":"https:\/\/www.anah-nvsg.be\/fr\/wp-json\/wp\/v2\/pages\/1444\/revisions"}],"predecessor-version":[{"id":1473,"href":"https:\/\/www.anah-nvsg.be\/fr\/wp-json\/wp\/v2\/pages\/1444\/revisions\/1473"}],"up":[{"embeddable":true,"href":"https:\/\/www.anah-nvsg.be\/fr\/wp-json\/wp\/v2\/pages\/23"}],"wp:attachment":[{"href":"https:\/\/www.anah-nvsg.be\/fr\/wp-json\/wp\/v2\/media?parent=1444"}],"curies":[{"name":"wp","href":"https:\/\/api.w.org\/{rel}","templated":true}]}}