{"id":1501,"date":"2021-02-26T13:00:25","date_gmt":"2021-02-26T12:00:25","guid":{"rendered":"https:\/\/www.anah-nvsg.be\/anah\/uitgebreide-historiek\/"},"modified":"2021-05-15T13:35:51","modified_gmt":"2021-05-15T11:35:51","slug":"historique-detaille","status":"publish","type":"page","link":"https:\/\/www.anah-nvsg.be\/fr\/anah\/historique-detaille\/","title":{"rendered":"Historique d\u00e9taill\u00e9"},"content":{"rendered":"<!--themify_builder_content-->\n<div id=\"themify_builder_content-1501\" data-postid=\"1501\" class=\"themify_builder_content themify_builder_content-1501 themify_builder tf_clear\">\n    \t\t\t<!-- module_row -->\n\t<div  data-lazy=\"1\" class=\"module_row themify_builder_row tb_0wir50 tb_first tf_w tf_clearfix\">\n\t    \t\t\t<div class=\"row_inner col_align_top tb_col_count_2 tf_box tf_rel\">\n\t\t            <div  data-lazy=\"1\" class=\"module_column tb-column col3-2 tb_glyp51 first\">\n                                                        <div class=\"tb-column-inner tf_box tf_w\">\n                        <!-- module text -->\n<div  class=\"module module-text tb_uhq7770   \" data-lazy=\"1\">\n        <div  class=\"tb_text_wrap\">\n    <p>L\u2019histoire de l\u2019ANAH nous reporte \u00e0 l\u2019ann\u00e9e 1927, et ainsi d\u00e9finit notre association comme la plus ancienne organisation Rotary en Belgique. L\u2019id\u00e9e na\u00eet lors de la Convention Internationale du Rotary de 1927 \u00e0 Ostende. S.M. Le Roi Albert Ier, Membre d\u2019honneur du Rotary club Chicago (Club n\u00b0 1), \u00e9tait pr\u00e9sent \u00e0 cette Convention. En r\u00e9ponse \u00e0 une intervention du Docteur Douriet du Rotary Charleroi, le Roi formulait le souhait que le Rotary belge prenne une initiative en faveur du sort des enfants en souffrance.<\/p><p>Le 25 avril 1931, notre organisation \u00e9tait cr\u00e9\u00e9e \u00e0 Bruges par les Rotary clubs belges sous le nom de \u00ab Association d\u2019assistance aux enfants estropi\u00e9s\u00a0\u00bb.\u00a0L\u2019acte constitutif \u00e9tait sign\u00e9 en l\u2019\u00c9tude du Notaire Henri Fraeys de Veubeke par quatorze rotariens venant des Villes d\u2019Anvers, Bruges, Gand, Heusden, Ixelles, Li\u00e8ge, Marcinelle, Morlanw\u00e9, Oostkamp, Ostende, Rixensart et Tirlemont.<\/p><p>En cette ann\u00e9e-l\u00e0, notre association \u00e9tait la seule qui offrait, d\u2019une mani\u00e8re structur\u00e9e, une aide aux enfants handicap\u00e9s. Le pas vers l\u2019aide apport\u00e9e aux adultes porteurs de handicap intervint rapidement. Arthur Regniers du Rotary Charleroi fut le premier pr\u00e9sident de l\u2019association.\u00a0<\/p><p>\u00c1 l\u2019origine, les dossiers b\u00e9n\u00e9ficiant d\u2019un soutien \u00e9taient principalement des dossiers individuels, pour des co\u00fbts qui ne recevaient aucune aide des institutions. Dans la p\u00e9riode de 1931 \u00e0 1952, des centaines de personnes porteuses de restriction re\u00e7urent le soutien financier de l\u2019ANAH, log\u00e9s \u00e0 cette \u00e9poque dans les locaux du \u00ab\u00a0Centre Arthur Regniers\u00a0\u00bb de Bienne-lez-Happart.<\/p><p>\u00c1 partir de 1952, et ce sous la pr\u00e9sidence de Jean Regniers (fils du co-fondateur Arthur Regniers), un pont fut lanc\u00e9 vers \u00ab\u00a0Rehabilitation International\u00a0\u2013 RI Global \u00bb, une association dont le si\u00e8ge est \u00e0 New York qui s\u2019investit \u00e0 un niveau mondial pour l\u2019int\u00e9gration des personnes handicap\u00e9es. Jean Regniers pr\u00e9sida d\u2019ailleurs cette organisation de 1968 \u00e0 1973.<\/p><p>Alors que l\u2019ANAH \u00e9tait \u00e0 l\u2019origine principalement active dans le soutien \u00e0 l\u2019am\u00e9lioration pratique des conditions de vie des personnes handicap\u00e9es, une dimension suppl\u00e9mentaire a \u00e9t\u00e9 ajout\u00e9e \u00e0 partir de 1976 sous l\u2019impulsion du Past-gouverneur Georges Henry\u00a0: recherche scientifique cibl\u00e9e et attention \u00e0 la pr\u00e9vention du handicap.<\/p><p>Le 50<sup>\u00e8me<\/sup> anniversaire de l\u2019ANAH fut c\u00e9l\u00e9br\u00e9 avec lustre en 1981. La c\u00e9r\u00e9monie fut rehauss\u00e9e par la pr\u00e9sence de S.M. la Reine Fabiola et du Pr\u00e9sident du Rotary International.<\/p><p>Dans les ann\u00e9es quatre-vingt du si\u00e8cle pass\u00e9, l\u2019accent est pass\u00e9 du soutien aux personnes individuelles \u00e0 la collaboration vers des organisations qui \u0153uvrent \u00e0 l\u2019am\u00e9lioration du cadre de vie de personnes porteuses de handicap.<\/p><p>Le tournant vers ce 21<sup>\u00e8me<\/sup> si\u00e8cle a apport\u00e9 de nouvelles technologies avec notre premier site web, avec une attention accrue en mati\u00e8re de relation publique et l\u2019ouverture vers le monde ext\u00e9rieur.<\/p><p>Le 75<sup>\u00e8me<\/sup> anniversaire de l\u2019ANAH fut c\u00e9l\u00e9br\u00e9 solennellement lors d\u2019une s\u00e9ance acad\u00e9mique le 18 novembre 2006 \u00e0 Oostakker o\u00f9 furent pr\u00e9sent\u00e9s les r\u00e9alisations r\u00e9centes et un regard sur \u00ab\u00a0l\u2019ANAH de demain\u00a0\u00bb. Cette r\u00e9union fut le pr\u00e9curseur de notre Journ\u00e9e annuelle de rencontre de l\u2019ANAH, qui est, depuis lors, devenue une matin\u00e9e de conf\u00e9rences traitant d\u2019un th\u00e8me actuel \u00e0 part enti\u00e8re, mais aussi un lieu de rencontre et une source d\u2019inspiration pour les Rotarien-ne-s de tous les Districts. Depuis 2016, quatorze Rotary clubs locaux ont collabor\u00e9 \u00e0 l\u2019organisation de notre Journ\u00e9e de rencontre de l\u2019ANAH\u00a0: Li\u00e8ge (2x), Anvers, Charleroi, Tessenderlo (2x), Namur, Menen, Verviers, Louvain, Tournai, Watermael-Boitsfort en Aalter. En 2020, l\u2019\u00e9lan a \u00e9t\u00e9 interrompu par la pand\u00e9mie Covid-19, mais les pr\u00e9paratifs s\u2019organisent pour une quinzi\u00e8me Journ\u00e9e de rencontre \u00e0 Nivelles en 2021.<\/p><p><span>Les bases de la structure actuelle et de la strat\u00e9gie de l\u2019ANAH furent pos\u00e9es \u00e0 partir de 2008 sous la pr\u00e9sidence de Fernand Van Hees et Frans Debaene, tous deux du Rotary Gent Noord. Les moyens financiers disponibles furent ainsi r\u00e9orient\u00e9s, d\u2019une part vers des projets sociaux concrets de Rotary clubs belges, d\u2019autre part vers des initiatives s\u2019articulant autour de th\u00e8mes qui transcendent les possibilit\u00e9s de un ou plusieurs Rotary clubs. De 2015 \u00e0 2020, cette strat\u00e9gie fut d\u00e9velopp\u00e9e et mise en pratique sous la pr\u00e9sidence d\u2019Andr\u00e9 Oeyen (Rotary Tessenderlo).<\/span><\/p><p><span>Aujourd\u2019hui, plus que jamais, l\u2019ANAH aspire \u00e0 la collaboration. Collaboration avec nos Rotary clubs qui, avec brio, sont \u00ab\u00a0nos yeux et nos oreilles\u00a0\u00bb sur le terrain, et qui, gr\u00e2ce \u00e0 leurs connaissances des besoins locaux, veillent \u00e0 une utilisation optimale de nos moyens. <\/span>\u00c1<span> partir de 2015, plus de cinquante projets sont annuellement aid\u00e9s financi\u00e8rement, pour un budget de 150.000 \u20ac. Collaboration \u00e9galement avec des petites asbl qui font un excellent travail, mais qui n\u2019ont pas les ressources et les contacts pour d\u00e9velopper g\u00e9ographiquement leur action locale. L\u2019ANAH les aide avec des moyens suppl\u00e9mentaires, mais aussi gr\u00e2ce aux pr\u00e9cieux contacts pr\u00e9sents dans les Rotary clubs du pays.\u00a0 <\/span><\/p><p><span>L\u2019ANAH n\u2019aurait jamais pu r\u00e9aliser ses ambitions sans le soutien financier de nombreux Rotarien-ne-s mais aussi sans l\u2019apport de g\u00e9n\u00e9reux donateurs qui nous font b\u00e9n\u00e9ficier de legs importants.<\/span><\/p><p><span>Nos remerciements s\u2019adressent \u00e0 tous ceux et celles qui se sont investis par le pass\u00e9 et s\u2019investissant aujourd\u2019hui \u00e0 fa\u00e7onner l\u2019ANAH. Les Membres et les Administrateurs de l\u2019ANAH esp\u00e8rent de tout c\u0153ur que tous les Rotarien-ne-s continueront \u00e0 \u0153uvrer ensemble pour que cette belle initiative humaine puisse poursuivre sa route.<\/span><\/p>    <\/div>\n<\/div>\n<!-- \/module text -->                    <\/div>\n                            <\/div>\n                        <div  data-lazy=\"1\" class=\"module_column tb-column col3-1 tb_g5zu531 last\">\n                                                        <div class=\"tb-column-inner tf_box tf_w\">\n                        <!-- module gallery -->\n<div  class=\"module gallery module-gallery tb_1fhc997 layout-grid  \" data-lazy=\"1\">\n    <div class=\"module-gallery-grid gallery-columns-1 tf_clear\">\n\t\t\t<dl class=\"gallery-item\">\n\t\t\t<dt class=\"gallery-icon\">\n\t\t\t<a data-title=\"\" title=\"\" href=\"https:\/\/www.anah-nvsg.be\/wp-content\/uploads\/2021\/03\/ANAH-NVSG-akte-0.jpg\" data-rel=\"tb_1fhc997\" class=\"themify_lightbox\"><img loading=\"lazy\" decoding=\"async\" width=\"1127\" height=\"1600\" src=\"https:\/\/www.anah-nvsg.be\/wp-content\/uploads\/2021\/03\/ANAH-NVSG-akte-0.jpg\" class=\"wp-post-image wp-image-496\" title=\"ANAH-NVSG-akte-0\" alt=\"ANAH-NVSG-akte-0\" srcset=\"https:\/\/www.anah-nvsg.be\/wp-content\/uploads\/2021\/03\/ANAH-NVSG-akte-0.jpg 1127w, https:\/\/www.anah-nvsg.be\/wp-content\/uploads\/2021\/03\/ANAH-NVSG-akte-0-600x852.jpg 600w, https:\/\/www.anah-nvsg.be\/wp-content\/uploads\/2021\/03\/ANAH-NVSG-akte-0-211x300.jpg 211w, https:\/\/www.anah-nvsg.be\/wp-content\/uploads\/2021\/03\/ANAH-NVSG-akte-0-721x1024.jpg 721w, https:\/\/www.anah-nvsg.be\/wp-content\/uploads\/2021\/03\/ANAH-NVSG-akte-0-768x1090.jpg 768w, https:\/\/www.anah-nvsg.be\/wp-content\/uploads\/2021\/03\/ANAH-NVSG-akte-0-1082x1536.jpg 1082w\" sizes=\"auto, (max-width: 1127px) 100vw, 1127px\" \/><\/a>\t\t\t<\/dt>\n\t\t\t<dd>\n\t\t\t\t\t\t\t\t\t\t\t<\/dd>\n\t\t<\/dl>\n\t<\/div>\n<\/div>\n<!-- \/module gallery -->                    <\/div>\n                            <\/div>\n            \t    <\/div>\n\t    <!-- \/row_inner -->\n\t<\/div>\n\t<!-- \/module_row -->\n\t<\/div>\n<!--\/themify_builder_content-->\n","protected":false},"excerpt":{"rendered":"<p>L\u2019histoire de l\u2019ANAH nous reporte \u00e0 l\u2019ann\u00e9e 1927, et ainsi d\u00e9finit notre association comme la plus ancienne organisation Rotary en Belgique. L\u2019id\u00e9e na\u00eet lors de la Convention Internationale du Rotary de 1927 \u00e0 Ostende. S.M. Le Roi Albert Ier, Membre d\u2019honneur du Rotary club Chicago (Club n\u00b0 1), \u00e9tait pr\u00e9sent \u00e0 cette Convention. En r\u00e9ponse [&hellip;]<\/p>\n","protected":false},"author":1,"featured_media":0,"parent":23,"menu_order":0,"comment_status":"closed","ping_status":"closed","template":"","meta":{"footnotes":""},"class_list":["post-1501","page","type-page","status-publish","hentry","has-post-title","has-post-date","has-post-category","has-post-tag","has-post-comment","has-post-author",""],"_links":{"self":[{"href":"https:\/\/www.anah-nvsg.be\/fr\/wp-json\/wp\/v2\/pages\/1501","targetHints":{"allow":["GET"]}}],"collection":[{"href":"https:\/\/www.anah-nvsg.be\/fr\/wp-json\/wp\/v2\/pages"}],"about":[{"href":"https:\/\/www.anah-nvsg.be\/fr\/wp-json\/wp\/v2\/types\/page"}],"author":[{"embeddable":true,"href":"https:\/\/www.anah-nvsg.be\/fr\/wp-json\/wp\/v2\/users\/1"}],"replies":[{"embeddable":true,"href":"https:\/\/www.anah-nvsg.be\/fr\/wp-json\/wp\/v2\/comments?post=1501"}],"version-history":[{"count":5,"href":"https:\/\/www.anah-nvsg.be\/fr\/wp-json\/wp\/v2\/pages\/1501\/revisions"}],"predecessor-version":[{"id":1508,"href":"https:\/\/www.anah-nvsg.be\/fr\/wp-json\/wp\/v2\/pages\/1501\/revisions\/1508"}],"up":[{"embeddable":true,"href":"https:\/\/www.anah-nvsg.be\/fr\/wp-json\/wp\/v2\/pages\/23"}],"wp:attachment":[{"href":"https:\/\/www.anah-nvsg.be\/fr\/wp-json\/wp\/v2\/media?parent=1501"}],"curies":[{"name":"wp","href":"https:\/\/api.w.org\/{rel}","templated":true}]}}