{"id":489,"date":"2021-02-26T13:00:25","date_gmt":"2021-02-26T12:00:25","guid":{"rendered":"https:\/\/anah-nvsg.be\/?page_id=489"},"modified":"2021-05-15T13:35:16","modified_gmt":"2021-05-15T11:35:16","slug":"uitgebreide-historiek","status":"publish","type":"page","link":"https:\/\/www.anah-nvsg.be\/nl\/nvsg\/uitgebreide-historiek\/","title":{"rendered":"Uitgebreide historiek"},"content":{"rendered":"<!--themify_builder_content-->\n<div id=\"themify_builder_content-489\" data-postid=\"489\" class=\"themify_builder_content themify_builder_content-489 themify_builder tf_clear\">\n    \t\t\t<!-- module_row -->\n\t<div  data-lazy=\"1\" class=\"module_row themify_builder_row tb_0wir50 tb_first tf_w tf_clearfix\">\n\t    \t\t\t<div class=\"row_inner col_align_top tb_col_count_2 tf_box tf_rel\">\n\t\t            <div  data-lazy=\"1\" class=\"module_column tb-column col3-2 tb_glyp51 first\">\n                                                        <div class=\"tb-column-inner tf_box tf_w\">\n                        <!-- module text -->\n<div  class=\"module module-text tb_uhq7770   \" data-lazy=\"1\">\n        <div  class=\"tb_text_wrap\">\n    <p>De geschiedenis van de NVSG gaat terug tot 1927, en daarmee is onze vereniging de oudste Rotary organisatie in Belgi\u00eb. De idee ontstond op de Internationale Rotary Conventie van 1927 in Oostende; Koning Albert 1, erelid van Rotary Club Chicago (club nr 1), was op de Conventie aanwezig. Op aangeven van Dr Douriet van de Club van Charleroi heeft de koning de wens geuit dat Rotary\u00a0 een initiatief zou nemen om iets te doen aan het lot van kinderen met een beperking.<\/p><p>Op 25 april 1931 werd onze organisatie in Brugge opgericht door de Belgische Rotary Clubs, onder de naam \u201cVereniging voor steun aan kreupele kinderen\u201d.\u00a0 De oprichtingsacte werd ondertekend op het kantoor van Notaris Henri Fraeys de Veubeke door veertien Rotari\u00ebrs uit respectievelijk Antwerpen, Brugge, Gent, Heusden, Ixelles, Li\u00e8ge, Marcinelle, Morlanw\u00e9, Oostkamp, Oostende, Rixensart en Tienen.<\/p><p>Op dat ogenblik was onze vereniging de enige\u00a0 die op gestructureerde manier hulp bood aan gehandicapte kinderen.\u00a0 De stap naar steun voor volwassen gehandicapten volgde snel daarna. Arthur Regniers van RC Charleroi werd de eerste voorzitter.<\/p><p>Oorspronkelijk werden vooral individuele dossiers gesteund, voor kosten die door geen enkele instantie vergoed werden. In de periode van 1931 tot 1952 werden honderden individuele personen met een beperking financieel ondersteund door de NVSG, op dat ogenblik gehuisvest in de gebouwen van de firma Regniers.<\/p><p>Vanaf 1952 werd, onder het voorzitterschap van Jean Regniers (zoon van medestichter Arthur Regniers), de brug geslagen naar \u201cRehabilitation International\u201d, een vzw die zich wereldwijd inzet voor de integratie van Gehandicapte personen. Jean Regniers was van 1968 tot 1973 voorzitter van deze organisatie.<\/p><p>Waar de NVSG oorspronkelijk vooral actief was in de ondersteuning van praktische verbeteringen van de levensomstandigheden van gehandicapten werd vanaf 1976, onder impuls van Past Gouverneur Georges Henry, een extra dimensie toegevoegd: gericht wetenschappelijk onderzoek en aandacht voor het voorkomen van handicap.<\/p><p>De\u00a0 50<sup>ste<\/sup> verjaardag van de NVSG werd in 1981 met de gepaste luister gevierd. De ceremonie werd bijgewoond door koningin Fabiola en door de President van Rotary International.<\/p><p>In de jaren tachtig\u00a0 van vorige eeuw werd de focus verlegd van steun aan individuele personen naar samenwerking met organisaties die ijveren voor een betere leefwereld voor gehandicapten.<\/p><p>De eeuwwisseling bracht de doorbraak van nieuwe technologie\u00ebn, met onze eerste website, en met meer aandacht voor \u2018public relations\u2019 en openheid naar de buitenwereld.<\/p><p>De 75<sup>ste<\/sup> verjaardag van de NVSG werd plechtig gevierd met een academische zitting in Oostakker op 18 november 2006, met een overzicht van recente verwezenlijkingen een blik op \u2018de NVSG van morgen\u2019. Deze samenkomst was de voorloper van onze jaarlijkse \u00a0NVSG Ontmoetingsdag, ondertussen uitgegroeid tot een volwaardige conferentie rond een actueel thema, een ontmoetingsplek en bron van inspiratie voor Rotari\u00ebrs uit alle districten. Sinds 2006 werkten veertien lokale Rotaryclubs mee aan de organisatie van onze\u00a0 NVSG-ontmoetingsdagen (Li\u00e8ge (2x), Antwerpen, Charleroi, Tessenderlo (2x), Namur, Menen, Verviers, Leuven, Tournai, Watermael-Boitsfort en Aalter) . In 2020 werd het momentum grondig verstoord door de Covid-19 pandemie, maar ondertussen zijn de voorbereidingen van de vijftiende Ontmoetingsdag in Nijvel in volle gang.\u00a0 \u00a0\u00a0<\/p><p>De grondslag voor de huidige structuur en strategie van de NVSG werd vanaf 2008 gelegd onder het voorzitterschap van Fernand Van Hees en Frans Debaene van RC Gent Noord. De beschikbare middelen werden geherori\u00ebnteerd, enerzijds naar concrete sociale projecten van Rotary clubs in het ganse land, anderzijds naar eigen initiatieven rond thema\u2019s die de mogelijkheden van \u00e9\u00e9n of enkele clubs overstegen. Van 2015 tot 2020 werd deze strategie onder het voorzitterschap van Andr\u00e9 Oeyen (RC Tessenderlo) verder uitgebouwd en in de praktijk gebracht.<\/p><p>Vandaag streeft de NVSG meer dan ooit naar samenwerking. Samenwerking met onze Rotary clubs die met glans de rol vervullen van onze \u2018ogen en oren\u2019 op het terrein, en die met hun kennis van de\u00a0 lokale noden zorgen voor een optimale besteding van onze middelen.\u00a0 Vanaf 2015 worden jaarlijks meer dan vijftig projecten ondersteund, met een budget van 150.000 \u20ac. Samenwerking ook met kleinere vzw\u2019s die prachtig werk verrichten, maar zelf niet de middelen en de contacten hebben om hun lokale activiteiten geografisch op te schalen. De NVSG helpt hen met extra middelen, maar ook met waardevolle contacten in Rotary clubs verspreid over het ganse land.<\/p><p>De NVSG zou nooit\u00a0 zijn ambities kunnen waargemaakt hebben zonder de financi\u00eble steun zowel \u00a0van talloze Rotari\u00ears als van milde schenkers die ons belangrijke legaten toevertrouwden. \u00a0Onze dank gaat naar iedereen die zich in het verleden ingezet heeft om de NVSG mee vorm te geven.\u00a0 De\u00a0 leden en bestuurders van de NVSG hopen van ganser harten dat alle Rotari\u00ebrs in de toekomst zulle blijven samenwerken om dit prachtige menselijk initiatief verder te zetten.<\/p>    <\/div>\n<\/div>\n<!-- \/module text -->                    <\/div>\n                            <\/div>\n                        <div  data-lazy=\"1\" class=\"module_column tb-column col3-1 tb_g5zu531 last\">\n                                                        <div class=\"tb-column-inner tf_box tf_w\">\n                        <!-- module gallery -->\n<div  class=\"module gallery module-gallery tb_jk43471 layout-grid  \" data-lazy=\"1\">\n    <div class=\"module-gallery-grid gallery-columns-1 tf_clear\">\n\t\t\t<dl class=\"gallery-item\">\n\t\t\t<dt class=\"gallery-icon\">\n\t\t\t<a data-title=\"\" title=\"\" href=\"https:\/\/www.anah-nvsg.be\/wp-content\/uploads\/2021\/03\/ANAH-NVSG-akte-0.jpg\" data-rel=\"tb_jk43471\" class=\"themify_lightbox\"><img loading=\"lazy\" decoding=\"async\" width=\"1127\" height=\"1600\" src=\"https:\/\/www.anah-nvsg.be\/wp-content\/uploads\/2021\/03\/ANAH-NVSG-akte-0.jpg\" class=\"wp-post-image wp-image-495\" title=\"ANAH-NVSG-akte-0\" alt=\"ANAH-NVSG-akte-0\" srcset=\"https:\/\/www.anah-nvsg.be\/wp-content\/uploads\/2021\/03\/ANAH-NVSG-akte-0.jpg 1127w, https:\/\/www.anah-nvsg.be\/wp-content\/uploads\/2021\/03\/ANAH-NVSG-akte-0-600x852.jpg 600w, https:\/\/www.anah-nvsg.be\/wp-content\/uploads\/2021\/03\/ANAH-NVSG-akte-0-211x300.jpg 211w, https:\/\/www.anah-nvsg.be\/wp-content\/uploads\/2021\/03\/ANAH-NVSG-akte-0-721x1024.jpg 721w, https:\/\/www.anah-nvsg.be\/wp-content\/uploads\/2021\/03\/ANAH-NVSG-akte-0-768x1090.jpg 768w, https:\/\/www.anah-nvsg.be\/wp-content\/uploads\/2021\/03\/ANAH-NVSG-akte-0-1082x1536.jpg 1082w\" sizes=\"auto, (max-width: 1127px) 100vw, 1127px\" \/><\/a>\t\t\t<\/dt>\n\t\t\t<dd>\n\t\t\t\t\t\t\t\t\t\t\t<\/dd>\n\t\t<\/dl>\n\t<\/div>\n<\/div>\n<!-- \/module gallery -->                    <\/div>\n                            <\/div>\n            \t    <\/div>\n\t    <!-- \/row_inner -->\n\t<\/div>\n\t<!-- \/module_row -->\n\t<\/div>\n<!--\/themify_builder_content-->\n","protected":false},"excerpt":{"rendered":"<p>De geschiedenis van de NVSG gaat terug tot 1927, en daarmee is onze vereniging de oudste Rotary organisatie in Belgi\u00eb. De idee ontstond op de Internationale Rotary Conventie van 1927 in Oostende; Koning Albert 1, erelid van Rotary Club Chicago (club nr 1), was op de Conventie aanwezig. Op aangeven van Dr Douriet van de [&hellip;]<\/p>\n","protected":false},"author":1,"featured_media":0,"parent":21,"menu_order":0,"comment_status":"closed","ping_status":"closed","template":"","meta":{"footnotes":""},"class_list":["post-489","page","type-page","status-publish","hentry","has-post-title","has-post-date","has-post-category","has-post-tag","has-post-comment","has-post-author",""],"_links":{"self":[{"href":"https:\/\/www.anah-nvsg.be\/nl\/wp-json\/wp\/v2\/pages\/489","targetHints":{"allow":["GET"]}}],"collection":[{"href":"https:\/\/www.anah-nvsg.be\/nl\/wp-json\/wp\/v2\/pages"}],"about":[{"href":"https:\/\/www.anah-nvsg.be\/nl\/wp-json\/wp\/v2\/types\/page"}],"author":[{"embeddable":true,"href":"https:\/\/www.anah-nvsg.be\/nl\/wp-json\/wp\/v2\/users\/1"}],"replies":[{"embeddable":true,"href":"https:\/\/www.anah-nvsg.be\/nl\/wp-json\/wp\/v2\/comments?post=489"}],"version-history":[{"count":11,"href":"https:\/\/www.anah-nvsg.be\/nl\/wp-json\/wp\/v2\/pages\/489\/revisions"}],"predecessor-version":[{"id":1507,"href":"https:\/\/www.anah-nvsg.be\/nl\/wp-json\/wp\/v2\/pages\/489\/revisions\/1507"}],"up":[{"embeddable":true,"href":"https:\/\/www.anah-nvsg.be\/nl\/wp-json\/wp\/v2\/pages\/21"}],"wp:attachment":[{"href":"https:\/\/www.anah-nvsg.be\/nl\/wp-json\/wp\/v2\/media?parent=489"}],"curies":[{"name":"wp","href":"https:\/\/api.w.org\/{rel}","templated":true}]}}