{"id":958,"date":"2021-03-07T12:14:05","date_gmt":"2021-03-07T11:14:05","guid":{"rendered":"https:\/\/anah-nvsg.be\/?page_id=958"},"modified":"2021-05-10T14:15:53","modified_gmt":"2021-05-10T12:15:53","slug":"historiek","status":"publish","type":"page","link":"https:\/\/www.anah-nvsg.be\/nl\/nvsg\/historiek\/","title":{"rendered":"Historiek van de NVSG"},"content":{"rendered":"<p style=\"text-align: center;\">\t\t\t<!-- Cool Timeline Free V3.3.1 -->\n\t\t\t<div class=\"ctl-wrapper\" role=\"region\" aria-label=\"Timeline\">\n\t\t\t\t<div class=\"ctl-before-content\"><div class=\"timeline-main-title\"><h6>Tijdslijn<\/h6><\/div><\/div>\t\t\t\t<div id=\"cool_timeline_1\" class=\"cool-timeline-wrapper ctl-both-sided ctl-vertical-wrapper\" >\n\t\t\t\t\t<div class=\"ctl-start\"><\/div>\n\t\t\t\t\t<!-- Timeline Container -->\n\t\t\t\t\t<div class=\"ctl-timeline ctl-timeline-container\" data-animation=\"fade-up\">\n\t\t\t\t\t\t<!-- Center Line -->\n\t\t\t\t\t\t<div class=\"ctl-inner-line\" role=\"presentation\"><\/div>\n\t\t\t\t\t\t\t\t\t\t\t\t<!-- Story Year Section --><div data-cls=\"sc-nv-light vertical\" class=\"timeline-year scrollable-section ctl-year ctl-year-container light-year\" data-section-title=\"1927\" id=\"year-1927\"><div class=\"ctl-year-label ctl-year-text\"><span>1927<\/span><\/div><\/div><!-- Timeline Content --><div  id=\"ctl-story-965\" class=\"ctl-story ctl-story-icon odd ctl-story-right\" data-aos=\"fade-up\"   data-story-index=\"1\" role=\"article\"><!-- Story Date --><div class=\"ctl-labels\"><div class=\"ctl-label-big story-date\">1927<\/div><\/div><!-- Story Icon --><div class=\"ctl-icon\"><i class= \"fa fas fa-lightbulb\" aria-hidden =\"true\"><\/i><\/div> <!-- Story Arrow --><div class=\"ctl-arrow\"><\/div><!-- Story Content --><div class=\"ctl-content\"><!-- Story Title --><div class=\"ctl-title story-965\" aria-label=\"2\">Basis van de NVSG<\/div><!-- Story Media --><div class=\"ctl-media small\"><a data-glightbox=\"Basis van de NVSG\" href=\"https:\/\/www.anah-nvsg.be\/wp-content\/uploads\/2021\/03\/rotary-logo.png\" class=\"ctl_glightbox\"><img loading=\"lazy\" decoding=\"async\" width=\"300\" height=\"300\" src=\"https:\/\/www.anah-nvsg.be\/wp-content\/uploads\/2021\/03\/rotary-logo-300x300.png\" class=\"story-img wp-post-image\" alt=\"Basis van de NVSG\" srcset=\"https:\/\/www.anah-nvsg.be\/wp-content\/uploads\/2021\/03\/rotary-logo-300x300.png 300w, https:\/\/www.anah-nvsg.be\/wp-content\/uploads\/2021\/03\/rotary-logo-150x150.png 150w, https:\/\/www.anah-nvsg.be\/wp-content\/uploads\/2021\/03\/rotary-logo-100x100.png 100w, https:\/\/www.anah-nvsg.be\/wp-content\/uploads\/2021\/03\/rotary-logo.png 540w\" sizes=\"auto, (max-width: 300px) 100vw, 300px\" \/><\/a><\/div><!-- Story Description --><div class=\"ctl-description\"><p>De geschiedenis van de NVSG gaat terug tot 1927, en daarmee is onze vereniging de oudste Rotary organisatie in Belgi\u00eb. De idee ontstond op de Internationale Rotary Conventie van 1927 in Oostende; Koning Albert 1, erelid van Rotary Club Chicago (club nr 1), was op de Conventie aanwezig. Op aangeven van Dr Douriet van de Club van Charleroi heeft de koning de wens geuit dat Rotary\u00a0een initiatief zou nemen om iets te doen aan het lot van kinderen met een beperking.<\/p>\n<!--themify_builder_content-->\n<div id=\"themify_builder_content-965\" data-postid=\"965\" class=\"themify_builder_content themify_builder_content-965 themify_builder tf_clear\">\n    <\/div>\n<!--\/themify_builder_content-->\n<\/div><\/div><\/div><!-- Story Year Section --><div data-cls=\"sc-nv-light vertical\" class=\"timeline-year scrollable-section ctl-year ctl-year-container light-year\" data-section-title=\"1931\" id=\"year-1931\"><div class=\"ctl-year-label ctl-year-text\"><span>1931<\/span><\/div><\/div><!-- Timeline Content --><div  id=\"ctl-story-966\" class=\"ctl-story ctl-story-icon even ctl-story-left\" data-aos=\"fade-up\"   data-story-index=\"2\" role=\"article\"><!-- Story Date --><div class=\"ctl-labels\"><div class=\"ctl-label-big story-date\">1931<\/div><\/div><!-- Story Icon --><div class=\"ctl-icon\"><i class= \"fa fas fa-birthday-cake\" aria-hidden =\"true\"><\/i><\/div> <!-- Story Arrow --><div class=\"ctl-arrow\"><\/div><!-- Story Content --><div class=\"ctl-content\"><!-- Story Title --><div class=\"ctl-title story-966\" aria-label=\"2\">Oprichting<\/div><!-- Story Media --><div class=\"ctl-media small\"><a data-glightbox=\"Oprichting\" href=\"https:\/\/www.anah-nvsg.be\/wp-content\/uploads\/2021\/03\/ANAH-NVSG-akte-0.jpg\" class=\"ctl_glightbox\"><img loading=\"lazy\" decoding=\"async\" width=\"211\" height=\"300\" src=\"https:\/\/www.anah-nvsg.be\/wp-content\/uploads\/2021\/03\/ANAH-NVSG-akte-0-211x300.jpg\" class=\"story-img wp-post-image\" alt=\"Oprichting\" srcset=\"https:\/\/www.anah-nvsg.be\/wp-content\/uploads\/2021\/03\/ANAH-NVSG-akte-0-211x300.jpg 211w, https:\/\/www.anah-nvsg.be\/wp-content\/uploads\/2021\/03\/ANAH-NVSG-akte-0-600x852.jpg 600w, https:\/\/www.anah-nvsg.be\/wp-content\/uploads\/2021\/03\/ANAH-NVSG-akte-0-721x1024.jpg 721w, https:\/\/www.anah-nvsg.be\/wp-content\/uploads\/2021\/03\/ANAH-NVSG-akte-0-768x1090.jpg 768w, https:\/\/www.anah-nvsg.be\/wp-content\/uploads\/2021\/03\/ANAH-NVSG-akte-0-1082x1536.jpg 1082w, https:\/\/www.anah-nvsg.be\/wp-content\/uploads\/2021\/03\/ANAH-NVSG-akte-0.jpg 1127w\" sizes=\"auto, (max-width: 211px) 100vw, 211px\" \/><\/a><\/div><!-- Story Description --><div class=\"ctl-description\"><p>Op 25 april 1931 werd onze organisatie in Brugge opgericht door de Belgische Rotary Clubs, onder de naam \u201cVereniging voor steun aan kreupele kinderen\u201d.\u00a0 De oprichtingsacte werd ondertekend op het kantoor van Notaris Henri Fraeys de Veubeke door veertien Rotari\u00ebrs uit respectievelijk Antwerpen, Brugge, Gent, Heusden, Ixelles, Li\u00e8ge, Marcinelle, Morlanw\u00e9, Oostkamp, Oostende, Rixensart en Tienen.<\/p>\n<!--themify_builder_content-->\n<div id=\"themify_builder_content-966\" data-postid=\"966\" class=\"themify_builder_content themify_builder_content-966 themify_builder tf_clear\">\n    <\/div>\n<!--\/themify_builder_content-->\n<\/div><\/div><\/div><!-- Story Year Section --><div data-cls=\"sc-nv-light vertical\" class=\"timeline-year scrollable-section ctl-year ctl-year-container light-year\" data-section-title=\"1952\" id=\"year-1952\"><div class=\"ctl-year-label ctl-year-text\"><span>1952<\/span><\/div><\/div><!-- Timeline Content --><div  id=\"ctl-story-967\" class=\"ctl-story ctl-story-icon odd ctl-story-right\" data-aos=\"fade-up\"   data-story-index=\"3\" role=\"article\"><!-- Story Date --><div class=\"ctl-labels\"><div class=\"ctl-label-big story-date\">1952<\/div><\/div><!-- Story Icon --><div class=\"ctl-icon\"><i class= \"fa fas fa-wheelchair\" aria-hidden =\"true\"><\/i><\/div> <!-- Story Arrow --><div class=\"ctl-arrow\"><\/div><!-- Story Content --><div class=\"ctl-content\"><!-- Story Title --><div class=\"ctl-title story-967\" aria-label=\"2\">Rehabilitation International<\/div><!-- Story Media --><div class=\"ctl-media small\"><a data-glightbox=\"Rehabilitation International\" href=\"https:\/\/www.anah-nvsg.be\/wp-content\/uploads\/2021\/03\/Rehabilitation-International.png\" class=\"ctl_glightbox\"><img loading=\"lazy\" decoding=\"async\" width=\"300\" height=\"198\" src=\"https:\/\/www.anah-nvsg.be\/wp-content\/uploads\/2021\/03\/Rehabilitation-International-300x198.png\" class=\"story-img wp-post-image\" alt=\"Rehabilitation International\" srcset=\"https:\/\/www.anah-nvsg.be\/wp-content\/uploads\/2021\/03\/Rehabilitation-International-300x198.png 300w, https:\/\/www.anah-nvsg.be\/wp-content\/uploads\/2021\/03\/Rehabilitation-International.png 400w\" sizes=\"auto, (max-width: 300px) 100vw, 300px\" \/><\/a><\/div><!-- Story Description --><div class=\"ctl-description\"><p>Vanaf 1952 werd, onder het voorzitterschap van Jean Regniers (zoon van medestichter Arthur Regniers), de brug geslagen naar \u201cRehabilitation International\u201d, een vzw die zich wereldwijd inzet voor de integratie van Gehandicapte personen. Jean Regniers was van 1968 tot 1973 voorzitter van deze organisatie.<\/p>\n<!--themify_builder_content-->\n<div id=\"themify_builder_content-967\" data-postid=\"967\" class=\"themify_builder_content themify_builder_content-967 themify_builder tf_clear\">\n    <\/div>\n<!--\/themify_builder_content-->\n<\/div><\/div><\/div><!-- Story Year Section --><div data-cls=\"sc-nv-light vertical\" class=\"timeline-year scrollable-section ctl-year ctl-year-container light-year\" data-section-title=\"1976\" id=\"year-1976\"><div class=\"ctl-year-label ctl-year-text\"><span>1976<\/span><\/div><\/div><!-- Timeline Content --><div  id=\"ctl-story-988\" class=\"ctl-story ctl-story-icon even ctl-story-left\" data-aos=\"fade-up\"   data-story-index=\"4\" role=\"article\"><!-- Story Date --><div class=\"ctl-labels\"><div class=\"ctl-label-big story-date\">1976<\/div><\/div><!-- Story Icon --><div class=\"ctl-icon\"><i class= \"fa fas fa-bong\" aria-hidden =\"true\"><\/i><\/div> <!-- Story Arrow --><div class=\"ctl-arrow\"><\/div><!-- Story Content --><div class=\"ctl-content\"><!-- Story Title --><div class=\"ctl-title story-988\" aria-label=\"2\">Wetenschappelijk onderzoek<\/div><!-- Story Description --><div class=\"ctl-description\"><p>Waar de NVSG oorspronkelijk vooral actief was in de ondersteuning van praktische verbeteringen van de levensomstandigheden van gehandicapten werd vanaf 1976, onder impuls van Past Gouverneur Georges Henry, een extra dimensie toegevoegd: gericht wetenschappelijk onderzoek en aandacht voor het voorkomen van handicap.<\/p>\n<!--themify_builder_content-->\n<div id=\"themify_builder_content-988\" data-postid=\"988\" class=\"themify_builder_content themify_builder_content-988 themify_builder tf_clear\">\n    <\/div>\n<!--\/themify_builder_content-->\n<\/div><\/div><\/div><!-- Story Year Section --><div data-cls=\"sc-nv-light vertical\" class=\"timeline-year scrollable-section ctl-year ctl-year-container light-year\" data-section-title=\"1981\" id=\"year-1981\"><div class=\"ctl-year-label ctl-year-text\"><span>1981<\/span><\/div><\/div><!-- Timeline Content --><div  id=\"ctl-story-989\" class=\"ctl-story ctl-story-icon odd ctl-story-right\" data-aos=\"fade-up\"   data-story-index=\"5\" role=\"article\"><!-- Story Date --><div class=\"ctl-labels\"><div class=\"ctl-label-big story-date\">1981<\/div><\/div><!-- Story Icon --><div class=\"ctl-icon\"><i class= \"fa fas fa-birthday-cake\" aria-hidden =\"true\"><\/i><\/div> <!-- Story Arrow --><div class=\"ctl-arrow\"><\/div><!-- Story Content --><div class=\"ctl-content\"><!-- Story Title --><div class=\"ctl-title story-989\" aria-label=\"2\">50ste Verjaardag<\/div><!-- Story Media --><div class=\"ctl-media small\"><a data-glightbox=\"50ste Verjaardag\" href=\"https:\/\/www.anah-nvsg.be\/wp-content\/uploads\/2021\/03\/fabiola.jpg\" class=\"ctl_glightbox\"><img loading=\"lazy\" decoding=\"async\" width=\"260\" height=\"300\" src=\"https:\/\/www.anah-nvsg.be\/wp-content\/uploads\/2021\/03\/fabiola-260x300.jpg\" class=\"story-img wp-post-image\" alt=\"50ste Verjaardag\" srcset=\"https:\/\/www.anah-nvsg.be\/wp-content\/uploads\/2021\/03\/fabiola-260x300.jpg 260w, https:\/\/www.anah-nvsg.be\/wp-content\/uploads\/2021\/03\/fabiola.jpg 459w\" sizes=\"auto, (max-width: 260px) 100vw, 260px\" \/><\/a><\/div><!-- Story Description --><div class=\"ctl-description\"><p>De 50ste verjaardag van de NVSG werd in 1981 met de gepaste luister gevierd. De ceremonie werd bijgewoond door koningin Fabiola en door de President van Rotary International.<\/p>\n<!--themify_builder_content-->\n<div id=\"themify_builder_content-989\" data-postid=\"989\" class=\"themify_builder_content themify_builder_content-989 themify_builder tf_clear\">\n    <\/div>\n<!--\/themify_builder_content-->\n<\/div><\/div><\/div><!-- Story Year Section --><div data-cls=\"sc-nv-light vertical\" class=\"timeline-year scrollable-section ctl-year ctl-year-container light-year\" data-section-title=\"2006\" id=\"year-2006\"><div class=\"ctl-year-label ctl-year-text\"><span>2006<\/span><\/div><\/div><!-- Timeline Content --><div  id=\"ctl-story-996\" class=\"ctl-story ctl-story-icon even ctl-story-left\" data-aos=\"fade-up\"   data-story-index=\"6\" role=\"article\"><!-- Story Date --><div class=\"ctl-labels\"><div class=\"ctl-label-big story-date\">2006<\/div><\/div><!-- Story Icon --><div class=\"ctl-icon\"><i class= \"fa fas fa-birthday-cake\" aria-hidden =\"true\"><\/i><\/div> <!-- Story Arrow --><div class=\"ctl-arrow\"><\/div><!-- Story Content --><div class=\"ctl-content\"><!-- Story Title --><div class=\"ctl-title story-996\" aria-label=\"2\">75ste verjaardag<\/div><!-- Story Media --><div class=\"ctl-media small\"><a data-glightbox=\"75ste verjaardag\" href=\"https:\/\/www.anah-nvsg.be\/wp-content\/uploads\/2021\/03\/Logo-ANAH-NVSG-transparant-groot.jpg\" class=\"ctl_glightbox\"><img loading=\"lazy\" decoding=\"async\" width=\"300\" height=\"170\" src=\"https:\/\/www.anah-nvsg.be\/wp-content\/uploads\/2021\/03\/Logo-ANAH-NVSG-transparant-groot-300x170.jpg\" class=\"story-img wp-post-image\" alt=\"75ste verjaardag\" srcset=\"https:\/\/www.anah-nvsg.be\/wp-content\/uploads\/2021\/03\/Logo-ANAH-NVSG-transparant-groot-300x170.jpg 300w, https:\/\/www.anah-nvsg.be\/wp-content\/uploads\/2021\/03\/Logo-ANAH-NVSG-transparant-groot-600x341.jpg 600w, https:\/\/www.anah-nvsg.be\/wp-content\/uploads\/2021\/03\/Logo-ANAH-NVSG-transparant-groot-1024x585.jpg 1024w, https:\/\/www.anah-nvsg.be\/wp-content\/uploads\/2021\/03\/Logo-ANAH-NVSG-transparant-groot.jpg 741w\" sizes=\"auto, (max-width: 300px) 100vw, 300px\" \/><\/a><\/div><!-- Story Description --><div class=\"ctl-description\"><p>De 75<sup>ste<\/sup>\u00a0verjaardag van de NVSG werd plechtig gevierd met een academische zitting in Oostakker op 18 november 2006, met een overzicht van recente verwezenlijkingen een blik op \u2018de NVSG van morgen\u2019. Deze samenkomst was de voorloper van onze jaarlijkse \u00a0NVSG Ontmoetingsdag, ondertussen uitgegroeid tot een volwaardige conferentie rond een actueel thema, een ontmoetingsplek en bron van inspiratie voor Rotari\u00ebrs uit alle districten. Sinds 2006 werkten veertien lokale Rotaryclubs mee aan de organisatie van onze\u00a0 NVSG-ontmoetingsdagen (Li\u00e8ge (2x), Antwerpen, Charleroi, Tessenderlo (2x), Namur, Menen, Verviers, Leuven, Tournai, Watermael-Boitsfort en Aalter) .<\/p>\n<!--themify_builder_content-->\n<div id=\"themify_builder_content-996\" data-postid=\"996\" class=\"themify_builder_content themify_builder_content-996 themify_builder tf_clear\">\n    <\/div>\n<!--\/themify_builder_content-->\n<\/div><\/div><\/div><!-- Story Year Section --><div data-cls=\"sc-nv-light vertical\" class=\"timeline-year scrollable-section ctl-year ctl-year-container light-year\" data-section-title=\"2008\" id=\"year-2008\"><div class=\"ctl-year-label ctl-year-text\"><span>2008<\/span><\/div><\/div><!-- Timeline Content --><div  id=\"ctl-story-999\" class=\"ctl-story ctl-story-icon odd ctl-story-right\" data-aos=\"fade-up\"   data-story-index=\"7\" role=\"article\"><!-- Story Date --><div class=\"ctl-labels\"><div class=\"ctl-label-big story-date\">2008<\/div><\/div><!-- Story Icon --><div class=\"ctl-icon\"><i class= \" fab fa-megaport\" aria-hidden =\"true\"><\/i><\/div> <!-- Story Arrow --><div class=\"ctl-arrow\"><\/div><!-- Story Content --><div class=\"ctl-content\"><!-- Story Title --><div class=\"ctl-title story-999\" aria-label=\"2\">Huidige structuur en strategie<\/div><!-- Story Description --><div class=\"ctl-description\"><p>De grondslag voor de huidige structuur en strategie van de NVSG werd vanaf 2008 gelegd onder het voorzitterschap van Fernand Van Hees en Frans Debaene van RC Gent Noord. De beschikbare middelen werden geherori\u00ebnteerd, enerzijds naar concrete sociale projecten van Rotary clubs in het ganse land, anderzijds naar eigen initiatieven rond thema\u2019s die de mogelijkheden van \u00e9\u00e9n of enkele clubs overstegen.<\/p>\n<!--themify_builder_content-->\n<div id=\"themify_builder_content-999\" data-postid=\"999\" class=\"themify_builder_content themify_builder_content-999 themify_builder tf_clear\">\n    <\/div>\n<!--\/themify_builder_content-->\n<\/div><\/div><\/div><!-- Story Year Section --><div data-cls=\"sc-nv-light vertical\" class=\"timeline-year scrollable-section ctl-year ctl-year-container light-year\" data-section-title=\"2015\" id=\"year-2015\"><div class=\"ctl-year-label ctl-year-text\"><span>2015<\/span><\/div><\/div><!-- Timeline Content --><div  id=\"ctl-story-1000\" class=\"ctl-story ctl-story-icon even ctl-story-left\" data-aos=\"fade-up\"   data-story-index=\"8\" role=\"article\"><!-- Story Date --><div class=\"ctl-labels\"><div class=\"ctl-label-big story-date\">2015<\/div><\/div><!-- Story Icon --><div class=\"ctl-icon\"><i class= \"fa fas fa-money-bill-wave-alt\" aria-hidden =\"true\"><\/i><\/div> <!-- Story Arrow --><div class=\"ctl-arrow\"><\/div><!-- Story Content --><div class=\"ctl-content\"><!-- Story Title --><div class=\"ctl-title story-1000\" aria-label=\"2\">Steun voor meer dan 50 projecten<\/div><!-- Story Media --><div class=\"ctl-media small\"><a data-glightbox=\"Steun voor meer dan 50 projecten\" href=\"https:\/\/www.anah-nvsg.be\/wp-content\/uploads\/2020\/06\/2016-a.jpg\" class=\"ctl_glightbox\"><img loading=\"lazy\" decoding=\"async\" width=\"300\" height=\"152\" src=\"https:\/\/www.anah-nvsg.be\/wp-content\/uploads\/2020\/06\/2016-a-300x152.jpg\" class=\"story-img wp-post-image\" alt=\"Steun voor meer dan 50 projecten\" srcset=\"https:\/\/www.anah-nvsg.be\/wp-content\/uploads\/2020\/06\/2016-a-300x152.jpg 300w, https:\/\/www.anah-nvsg.be\/wp-content\/uploads\/2020\/06\/2016-a-600x305.jpg 600w, https:\/\/www.anah-nvsg.be\/wp-content\/uploads\/2020\/06\/2016-a-1024x520.jpg 1024w, https:\/\/www.anah-nvsg.be\/wp-content\/uploads\/2020\/06\/2016-a-768x390.jpg 768w, https:\/\/www.anah-nvsg.be\/wp-content\/uploads\/2020\/06\/2016-a.jpg 1100w\" sizes=\"auto, (max-width: 300px) 100vw, 300px\" \/><\/a><\/div><!-- Story Description --><div class=\"ctl-description\"><p>Van 2015 tot 2020 werd deze strategie onder het voorzitterschap van Andr\u00e9 Oeyen (RC Tessenderlo) verder uitgebouwd en in de praktijk gebracht.<\/p>\n<p>Vandaag streeft de NVSG meer dan ooit naar samenwerking. Samenwerking met onze Rotary clubs die met glans de rol vervullen van onze \u2018ogen en oren\u2019 op het terrein, en die met hun kennis van de\u00a0 lokale noden zorgen voor een optimale besteding van onze middelen.\u00a0 Vanaf 2015 worden jaarlijks meer dan vijftig projecten ondersteund, met een budget van 150.000 \u20ac<\/p>\n<!--themify_builder_content-->\n<div id=\"themify_builder_content-1000\" data-postid=\"1000\" class=\"themify_builder_content themify_builder_content-1000 themify_builder tf_clear\">\n    <\/div>\n<!--\/themify_builder_content-->\n<\/div><\/div><\/div><!-- Story Year Section --><div data-cls=\"sc-nv-light vertical\" class=\"timeline-year scrollable-section ctl-year ctl-year-container light-year\" data-section-title=\"2021\" id=\"year-2021\"><div class=\"ctl-year-label ctl-year-text\"><span>2021<\/span><\/div><\/div><!-- Timeline Content --><div  id=\"ctl-story-1001\" class=\"ctl-story ctl-story-icon odd ctl-story-right\" data-aos=\"fade-up\"   data-story-index=\"9\" role=\"article\"><!-- Story Date --><div class=\"ctl-labels\"><div class=\"ctl-label-big story-date\">2021<\/div><\/div><!-- Story Icon --><div class=\"ctl-icon\"><i class= \"fa fas fa-newspaper\" aria-hidden =\"true\"><\/i><\/div> <!-- Story Arrow --><div class=\"ctl-arrow\"><\/div><!-- Story Content --><div class=\"ctl-content\"><!-- Story Title --><div class=\"ctl-title story-1001\" aria-label=\"2\">Nieuw logo en nieuwe website<\/div><!-- Story Media --><div class=\"ctl-media small\"><a data-glightbox=\"Nieuw logo en nieuwe website\" href=\"https:\/\/www.anah-nvsg.be\/wp-content\/uploads\/2020\/06\/ANAH-NVSG-logo-600.png\" class=\"ctl_glightbox\"><img loading=\"lazy\" decoding=\"async\" width=\"300\" height=\"187\" src=\"https:\/\/www.anah-nvsg.be\/wp-content\/uploads\/2020\/06\/ANAH-NVSG-logo-600-300x187.png\" class=\"story-img wp-post-image\" alt=\"Nieuw logo en nieuwe website\" srcset=\"https:\/\/www.anah-nvsg.be\/wp-content\/uploads\/2020\/06\/ANAH-NVSG-logo-600-300x187.png 300w, https:\/\/www.anah-nvsg.be\/wp-content\/uploads\/2020\/06\/ANAH-NVSG-logo-600.png 600w\" sizes=\"auto, (max-width: 300px) 100vw, 300px\" \/><\/a><\/div><!-- Story Description --><div class=\"ctl-description\"><p>In 2020 werd er besloten om de uitstraling van NVSG een update te bezorgen. Een nieuw logo, huisstijl en nieuwe website zien het daglicht in juni 2021.<\/p>\n<!--themify_builder_content-->\n<div id=\"themify_builder_content-1001\" data-postid=\"1001\" class=\"themify_builder_content themify_builder_content-1001 themify_builder tf_clear\">\n    <\/div>\n<!--\/themify_builder_content-->\n<\/div><\/div><\/div>\t\t\t\t\t<\/div>\n\t\t\t\t\t<div class=\"ctl-end\"><\/div>\n\t\t\t\t\t\t\t\t\t<\/div>\n\t\t\t<\/div>\n\t\t\t<\/p>\n<p style=\"text-align: center;\"><a href=\"https:\/\/www.anah-nvsg.be\/nl\/nvsg\/uitgebreide-historiek\/\">De uitgebreide historiek van NVSG is hier te vinden<\/a>.<\/p>\n<!--themify_builder_content-->\n<div id=\"themify_builder_content-1001\" data-postid=\"1001\" class=\"themify_builder_content themify_builder_content-1001 themify_builder tf_clear\">\n    <\/div>\n<!--\/themify_builder_content-->\n","protected":false},"excerpt":{"rendered":"<p>De uitgebreide historiek van NVSG is hier te vinden.<\/p>\n","protected":false},"author":1,"featured_media":0,"parent":21,"menu_order":0,"comment_status":"closed","ping_status":"closed","template":"","meta":{"footnotes":""},"class_list":["post-958","page","type-page","status-publish","hentry","has-post-title","has-post-date","has-post-category","has-post-tag","has-post-comment","has-post-author",""],"_links":{"self":[{"href":"https:\/\/www.anah-nvsg.be\/nl\/wp-json\/wp\/v2\/pages\/958","targetHints":{"allow":["GET"]}}],"collection":[{"href":"https:\/\/www.anah-nvsg.be\/nl\/wp-json\/wp\/v2\/pages"}],"about":[{"href":"https:\/\/www.anah-nvsg.be\/nl\/wp-json\/wp\/v2\/types\/page"}],"author":[{"embeddable":true,"href":"https:\/\/www.anah-nvsg.be\/nl\/wp-json\/wp\/v2\/users\/1"}],"replies":[{"embeddable":true,"href":"https:\/\/www.anah-nvsg.be\/nl\/wp-json\/wp\/v2\/comments?post=958"}],"version-history":[{"count":42,"href":"https:\/\/www.anah-nvsg.be\/nl\/wp-json\/wp\/v2\/pages\/958\/revisions"}],"predecessor-version":[{"id":1432,"href":"https:\/\/www.anah-nvsg.be\/nl\/wp-json\/wp\/v2\/pages\/958\/revisions\/1432"}],"up":[{"embeddable":true,"href":"https:\/\/www.anah-nvsg.be\/nl\/wp-json\/wp\/v2\/pages\/21"}],"wp:attachment":[{"href":"https:\/\/www.anah-nvsg.be\/nl\/wp-json\/wp\/v2\/media?parent=958"}],"curies":[{"name":"wp","href":"https:\/\/api.w.org\/{rel}","templated":true}]}}